{"id":25826,"date":"2024-03-11T14:54:39","date_gmt":"2024-03-11T14:54:39","guid":{"rendered":"https:\/\/diplomatcollec.wpenginepowered.com\/collection\/"},"modified":"2026-04-14T13:54:09","modified_gmt":"2026-04-14T13:54:09","slug":"collection","status":"publish","type":"page","link":"https:\/\/thediplomatcollection.com\/sv\/collection\/","title":{"rendered":"The Collection"},"content":{"rendered":"<p>[et_pb_section fb_built=&#8221;1&#8243; fullwidth=&#8221;on&#8221; _builder_version=&#8221;4.24.2&#8243; _module_preset=&#8221;default&#8221; custom_margin=&#8221;||||false|false&#8221; custom_margin_tablet=&#8221;-300px||||false|false&#8221; custom_margin_phone=&#8221;-300px||||false|false&#8221; custom_margin_last_edited=&#8221;off|desktop&#8221; da_disable_devices=&#8221;off|off|off&#8221; global_colors_info=&#8221;{}&#8221; da_is_popup=&#8221;off&#8221; da_exit_intent=&#8221;off&#8221; da_has_close=&#8221;on&#8221; da_alt_close=&#8221;off&#8221; da_dark_close=&#8221;off&#8221; da_not_modal=&#8221;on&#8221; da_is_singular=&#8221;off&#8221; da_with_loader=&#8221;off&#8221; da_has_shadow=&#8221;on&#8221;][et_pb_fullwidth_header title=&#8221;90 \u00e5r av att skapa minnesv\u00e4rda upplevelser&#8221; subhead=&#8221;HISTORIA&#8221; text_orientation=&#8221;center&#8221; header_fullscreen=&#8221;on&#8221; header_scroll_down=&#8221;on&#8221; scroll_down_icon=&#8221;%%1%%&#8221; scroll_down_icon_color=&#8221;#00ab84&#8243; button_one_url=&#8221;#&#8221; module_class=&#8221;collection-hero&#8221; _builder_version=&#8221;4.24.3&#8243; _module_preset=&#8221;default&#8221; title_font=&#8221;||on||||||&#8221; subhead_font=&#8221;|||on|||||&#8221; subhead_font_size=&#8221;55px&#8221; subhead_letter_spacing=&#8221;6px&#8221; background_enable_color=&#8221;off&#8221; background_image=&#8221;https:\/\/thediplomatcollection.com\/wp-content\/uploads\/2024\/03\/Legacy_Diplomat-Collection_Villa-Dagmar-FOto-1-scaled.jpg&#8221; background_position=&#8221;top_right&#8221; background_horizontal_offset=&#8221;80%&#8221; background_vertical_offset=&#8221;38%&#8221; custom_button_one=&#8221;on&#8221; button_one_text_size=&#8221;20px&#8221; button_one_border_width=&#8221;2px&#8221; button_one_font=&#8221;||||||||&#8221; button_one_use_icon=&#8221;off&#8221; subhead_line_height_tablet=&#8221;1.1em&#8221; subhead_line_height_phone=&#8221;1.1em&#8221; subhead_line_height_last_edited=&#8221;on|phone&#8221; global_colors_info=&#8221;{}&#8221;][\/et_pb_fullwidth_header][\/et_pb_section][et_pb_section fb_built=&#8221;1&#8243; _builder_version=&#8221;4.24.3&#8243; _module_preset=&#8221;default&#8221; background_color=&#8221;#001812&#8243; da_disable_devices=&#8221;off|off|off&#8221; global_colors_info=&#8221;{}&#8221; da_is_popup=&#8221;off&#8221; da_exit_intent=&#8221;off&#8221; da_has_close=&#8221;on&#8221; da_alt_close=&#8221;off&#8221; da_dark_close=&#8221;off&#8221; da_not_modal=&#8221;on&#8221; da_is_singular=&#8221;off&#8221; da_with_loader=&#8221;off&#8221; da_has_shadow=&#8221;on&#8221;][et_pb_row _builder_version=&#8221;4.24.3&#8243; _module_preset=&#8221;default&#8221; global_colors_info=&#8221;{}&#8221;][et_pb_column type=&#8221;4_4&#8243; _builder_version=&#8221;4.24.3&#8243; _module_preset=&#8221;default&#8221; global_colors_info=&#8221;{}&#8221;][et_pb_text _builder_version=&#8221;4.24.3&#8243; _module_preset=&#8221;default&#8221; text_letter_spacing=&#8221;6px&#8221; global_colors_info=&#8221;{}&#8221;]<\/p>\n<h1 style=\"text-align: center;\"><span style=\"color: #ffffff;\">DIPLOMAT COLLECTION \u00c4R ETT FAMILJEF\u00d6RTAG I FJ\u00c4RDE &amp; FEMTE GENERATIONEN<\/span><\/h1>\n<p>[\/et_pb_text][et_pb_text _builder_version=&#8221;4.24.3&#8243; _module_preset=&#8221;default&#8221; text_font_size=&#8221;22px&#8221; text_line_height=&#8221;1.5em&#8221; custom_padding=&#8221;|160px||160px||&#8221; hover_enabled=&#8221;0&#8243; global_colors_info=&#8221;{}&#8221; sticky_enabled=&#8221;0&#8243;]<\/p>\n<p style=\"text-align: center;\"><span style=\"color: #ffffff;\">Familjen har sedan 1930-talet drivit hotell sammanlagt nio hotell, b\u00e5de i Sverige och internationellt. Med \u00f6ver 90 \u00e5rs erfarenhet och passion f\u00f6r att skapa minnesv\u00e4rda hotellupplevelser har familjen blivit en av de ledande akt\u00f6rerna inom Sveriges turism och bes\u00f6ksn\u00e4ring. Under 1960-talet grundade familjen det ikoniska Hotel Diplomat p\u00e5 Strandv\u00e4gen, \u00e5r 2021 slog Villa Dagmar upp portarna p\u00e5 den vibrerande Nybrogatan. Under h\u00f6sten 2024 \u00f6ppnade det senaste tillskottet i familjen, Villa Dahlia, ett kurerat hem d\u00e4r historien syns i detaljerna.<\/span><span style=\"color: #ffffff;\"><\/span><\/p>\n<p style=\"text-align: center;\"><span style=\"color: #ffffff;\"><\/span><\/p>\n<p style=\"text-align: center;\"><span style=\"color: #ffffff;\">Villa Dagmar \u00e4r en del av Diplomat Collection som \u00e4gs av Hotel Diplomat AB och dess del\u00e4gare \u2013 Anna Cappelen, Sune Malmstr\u00f6m, Lovisa Malmstr\u00f6m med s\u00f6ner, och Linda Malmstr\u00f6m Grassman. Anna Cappelen och Sune M Malmstr\u00f6m \u00e4r tillsammans verksamma i driften av hotellverksamheten. VD f\u00f6r bolaget \u00e4r Lars Sandberg och ordf\u00f6rande \u00e4r Fredrik Cappelen. Som representant f\u00f6r den femtegenerationen \u00e4r \u00e4ven Pauline Cappelen aktiv i bolaget.<\/span><\/p>\n<p style=\"text-align: center;\"><span style=\"color: #ffffff;\"><\/span><\/p>\n<p style=\"text-align: center;\"><span style=\"color: #ffffff;\"><\/span><\/p>\n<h2 style=\"text-align: center;\"><span style=\"color: #ffffff;\">UTM\u00c4RKELSER<\/span><\/h2>\n<p style=\"text-align: center;\"><span style=\"color: #ffffff;\"><\/span><\/p>\n<p style=\"text-align: center;\"><span style=\"color: #ffffff;\">Cond\u00e9 Nast Traveler\u2019s l\u00e4sare har utn\u00e4mnt Hotel Diplomat till ett av norra Europas b\u00e4sta hotell 2014, 2019, 2020, 2021, 2022 och 2023. Villa Dagmar, har bel\u00f6nats med National Geographics Traveler Hotel Awards 2021 och har utsetts av Tatler Travler Guide 2023 till ett av de 101 b\u00e4sta hotellen i v\u00e4rlden.<\/span><\/p>\n<p>[\/et_pb_text][\/et_pb_column][\/et_pb_row][\/et_pb_section]<\/p>\n","protected":false},"excerpt":{"rendered":"<p>DIPLOMAT COLLECTION \u00c4R ETT FAMILJEF\u00d6RTAG I FJ\u00c4RDE &amp; FEMTE GENERATIONENFamiljen har sedan 1930-talet drivit hotell sammanlagt nio hotell, b\u00e5de i Sverige och internationellt. Med \u00f6ver 90 \u00e5rs erfarenhet och passion f\u00f6r att skapa minnesv\u00e4rda hotellupplevelser har familjen blivit en av de ledande akt\u00f6rerna inom Sveriges turism och bes\u00f6ksn\u00e4ring. Under 1960-talet grundade familjen det ikoniska Hotel [&hellip;]<\/p>\n","protected":false},"author":1,"featured_media":0,"parent":0,"menu_order":0,"comment_status":"closed","ping_status":"closed","template":"","meta":{"_et_pb_use_builder":"on","_et_pb_old_content":"","_et_gb_content_width":"","footnotes":""},"class_list":["post-25826","page","type-page","status-publish","hentry"],"yoast_head":"<!-- This site is optimized with the Yoast SEO plugin v24.5 - https:\/\/yoast.com\/wordpress\/plugins\/seo\/ -->\n<title>Historia - Diplomat Collection<\/title>\n<meta name=\"description\" content=\"Med \u00f6ver 90 \u00e5rs erfarenhet och passion f\u00f6r att skapa minnesv\u00e4rda hotellupplevelser har familjen Malmstr\u00f6m blivit en av de ledande inom Sveriges turism och bes\u00f6ksn\u00e4ring.\" \/>\n<meta name=\"robots\" content=\"index, follow, max-snippet:-1, max-image-preview:large, max-video-preview:-1\" \/>\n<link rel=\"canonical\" href=\"https:\/\/thediplomatcollection.com\/sv\/collection\/\" \/>\n<meta property=\"og:locale\" content=\"sv_SE\" \/>\n<meta property=\"og:type\" content=\"article\" \/>\n<meta property=\"og:title\" content=\"Historia - Diplomat Collection\" \/>\n<meta property=\"og:description\" content=\"Med \u00f6ver 90 \u00e5rs erfarenhet och passion f\u00f6r att skapa minnesv\u00e4rda hotellupplevelser har familjen Malmstr\u00f6m blivit en av de ledande inom Sveriges turism och bes\u00f6ksn\u00e4ring.\" \/>\n<meta property=\"og:url\" content=\"https:\/\/thediplomatcollection.com\/sv\/collection\/\" \/>\n<meta property=\"og:site_name\" content=\"Diplomat Collection\" \/>\n<meta property=\"article:modified_time\" content=\"2026-04-14T13:54:09+00:00\" \/>\n<meta name=\"twitter:card\" content=\"summary_large_image\" \/>\n<meta name=\"twitter:label1\" content=\"Ber\u00e4knad l\u00e4stid\" \/>\n\t<meta name=\"twitter:data1\" content=\"1 minut\" \/>\n<script type=\"application\/ld+json\" class=\"yoast-schema-graph\">{\"@context\":\"https:\/\/schema.org\",\"@graph\":[{\"@type\":\"WebPage\",\"@id\":\"https:\/\/thediplomatcollection.com\/sv\/collection\/\",\"url\":\"https:\/\/thediplomatcollection.com\/sv\/collection\/\",\"name\":\"Historia - Diplomat Collection\",\"isPartOf\":{\"@id\":\"https:\/\/thediplomatcollection.com\/sv\/#website\"},\"datePublished\":\"2024-03-11T14:54:39+00:00\",\"dateModified\":\"2026-04-14T13:54:09+00:00\",\"description\":\"Med \u00f6ver 90 \u00e5rs erfarenhet och passion f\u00f6r att skapa minnesv\u00e4rda hotellupplevelser har familjen Malmstr\u00f6m blivit en av de ledande inom Sveriges turism och bes\u00f6ksn\u00e4ring.\",\"breadcrumb\":{\"@id\":\"https:\/\/thediplomatcollection.com\/sv\/collection\/#breadcrumb\"},\"inLanguage\":\"sv-SE\",\"potentialAction\":[{\"@type\":\"ReadAction\",\"target\":[\"https:\/\/thediplomatcollection.com\/sv\/collection\/\"]}]},{\"@type\":\"BreadcrumbList\",\"@id\":\"https:\/\/thediplomatcollection.com\/sv\/collection\/#breadcrumb\",\"itemListElement\":[{\"@type\":\"ListItem\",\"position\":1,\"name\":\"Home\",\"item\":\"https:\/\/thediplomatcollection.com\/sv\/\"},{\"@type\":\"ListItem\",\"position\":2,\"name\":\"The Collection\"}]},{\"@type\":\"WebSite\",\"@id\":\"https:\/\/thediplomatcollection.com\/sv\/#website\",\"url\":\"https:\/\/thediplomatcollection.com\/sv\/\",\"name\":\"Diplomat Collection\",\"description\":\"\",\"publisher\":{\"@id\":\"https:\/\/thediplomatcollection.com\/sv\/#organization\"},\"potentialAction\":[{\"@type\":\"SearchAction\",\"target\":{\"@type\":\"EntryPoint\",\"urlTemplate\":\"https:\/\/thediplomatcollection.com\/sv\/?s={search_term_string}\"},\"query-input\":{\"@type\":\"PropertyValueSpecification\",\"valueRequired\":true,\"valueName\":\"search_term_string\"}}],\"inLanguage\":\"sv-SE\"},{\"@type\":\"Organization\",\"@id\":\"https:\/\/thediplomatcollection.com\/sv\/#organization\",\"name\":\"Diplomat Collection\",\"url\":\"https:\/\/thediplomatcollection.com\/sv\/\",\"logo\":{\"@type\":\"ImageObject\",\"inLanguage\":\"sv-SE\",\"@id\":\"https:\/\/thediplomatcollection.com\/sv\/#\/schema\/logo\/image\/\",\"url\":\"https:\/\/thediplomatcollection.com\/wp-content\/uploads\/2024\/04\/logo-dc-black.png\",\"contentUrl\":\"https:\/\/thediplomatcollection.com\/wp-content\/uploads\/2024\/04\/logo-dc-black.png\",\"width\":1024,\"height\":441,\"caption\":\"Diplomat Collection\"},\"image\":{\"@id\":\"https:\/\/thediplomatcollection.com\/sv\/#\/schema\/logo\/image\/\"}}]}<\/script>\n<!-- \/ Yoast SEO plugin. -->","yoast_head_json":{"title":"Historia - Diplomat Collection","description":"Med \u00f6ver 90 \u00e5rs erfarenhet och passion f\u00f6r att skapa minnesv\u00e4rda hotellupplevelser har familjen Malmstr\u00f6m blivit en av de ledande inom Sveriges turism och bes\u00f6ksn\u00e4ring.","robots":{"index":"index","follow":"follow","max-snippet":"max-snippet:-1","max-image-preview":"max-image-preview:large","max-video-preview":"max-video-preview:-1"},"canonical":"https:\/\/thediplomatcollection.com\/sv\/collection\/","og_locale":"sv_SE","og_type":"article","og_title":"Historia - Diplomat Collection","og_description":"Med \u00f6ver 90 \u00e5rs erfarenhet och passion f\u00f6r att skapa minnesv\u00e4rda hotellupplevelser har familjen Malmstr\u00f6m blivit en av de ledande inom Sveriges turism och bes\u00f6ksn\u00e4ring.","og_url":"https:\/\/thediplomatcollection.com\/sv\/collection\/","og_site_name":"Diplomat Collection","article_modified_time":"2026-04-14T13:54:09+00:00","twitter_card":"summary_large_image","twitter_misc":{"Ber\u00e4knad l\u00e4stid":"1 minut"},"schema":{"@context":"https:\/\/schema.org","@graph":[{"@type":"WebPage","@id":"https:\/\/thediplomatcollection.com\/sv\/collection\/","url":"https:\/\/thediplomatcollection.com\/sv\/collection\/","name":"Historia - Diplomat Collection","isPartOf":{"@id":"https:\/\/thediplomatcollection.com\/sv\/#website"},"datePublished":"2024-03-11T14:54:39+00:00","dateModified":"2026-04-14T13:54:09+00:00","description":"Med \u00f6ver 90 \u00e5rs erfarenhet och passion f\u00f6r att skapa minnesv\u00e4rda hotellupplevelser har familjen Malmstr\u00f6m blivit en av de ledande inom Sveriges turism och bes\u00f6ksn\u00e4ring.","breadcrumb":{"@id":"https:\/\/thediplomatcollection.com\/sv\/collection\/#breadcrumb"},"inLanguage":"sv-SE","potentialAction":[{"@type":"ReadAction","target":["https:\/\/thediplomatcollection.com\/sv\/collection\/"]}]},{"@type":"BreadcrumbList","@id":"https:\/\/thediplomatcollection.com\/sv\/collection\/#breadcrumb","itemListElement":[{"@type":"ListItem","position":1,"name":"Home","item":"https:\/\/thediplomatcollection.com\/sv\/"},{"@type":"ListItem","position":2,"name":"The Collection"}]},{"@type":"WebSite","@id":"https:\/\/thediplomatcollection.com\/sv\/#website","url":"https:\/\/thediplomatcollection.com\/sv\/","name":"Diplomat Collection","description":"","publisher":{"@id":"https:\/\/thediplomatcollection.com\/sv\/#organization"},"potentialAction":[{"@type":"SearchAction","target":{"@type":"EntryPoint","urlTemplate":"https:\/\/thediplomatcollection.com\/sv\/?s={search_term_string}"},"query-input":{"@type":"PropertyValueSpecification","valueRequired":true,"valueName":"search_term_string"}}],"inLanguage":"sv-SE"},{"@type":"Organization","@id":"https:\/\/thediplomatcollection.com\/sv\/#organization","name":"Diplomat Collection","url":"https:\/\/thediplomatcollection.com\/sv\/","logo":{"@type":"ImageObject","inLanguage":"sv-SE","@id":"https:\/\/thediplomatcollection.com\/sv\/#\/schema\/logo\/image\/","url":"https:\/\/thediplomatcollection.com\/wp-content\/uploads\/2024\/04\/logo-dc-black.png","contentUrl":"https:\/\/thediplomatcollection.com\/wp-content\/uploads\/2024\/04\/logo-dc-black.png","width":1024,"height":441,"caption":"Diplomat Collection"},"image":{"@id":"https:\/\/thediplomatcollection.com\/sv\/#\/schema\/logo\/image\/"}}]}},"_links":{"self":[{"href":"https:\/\/thediplomatcollection.com\/sv\/wp-json\/wp\/v2\/pages\/25826","targetHints":{"allow":["GET"]}}],"collection":[{"href":"https:\/\/thediplomatcollection.com\/sv\/wp-json\/wp\/v2\/pages"}],"about":[{"href":"https:\/\/thediplomatcollection.com\/sv\/wp-json\/wp\/v2\/types\/page"}],"author":[{"embeddable":true,"href":"https:\/\/thediplomatcollection.com\/sv\/wp-json\/wp\/v2\/users\/1"}],"replies":[{"embeddable":true,"href":"https:\/\/thediplomatcollection.com\/sv\/wp-json\/wp\/v2\/comments?post=25826"}],"version-history":[{"count":1,"href":"https:\/\/thediplomatcollection.com\/sv\/wp-json\/wp\/v2\/pages\/25826\/revisions"}],"predecessor-version":[{"id":26183,"href":"https:\/\/thediplomatcollection.com\/sv\/wp-json\/wp\/v2\/pages\/25826\/revisions\/26183"}],"wp:attachment":[{"href":"https:\/\/thediplomatcollection.com\/sv\/wp-json\/wp\/v2\/media?parent=25826"}],"curies":[{"name":"wp","href":"https:\/\/api.w.org\/{rel}","templated":true}]}}