{"id":25830,"date":"2024-02-23T10:21:21","date_gmt":"2024-02-23T10:21:21","guid":{"rendered":"https:\/\/diplomatcollec.wpenginepowered.com\/homepage\/"},"modified":"2025-02-28T14:58:50","modified_gmt":"2025-02-28T14:58:50","slug":"homepage","status":"publish","type":"page","link":"https:\/\/thediplomatcollection.com\/sv\/","title":{"rendered":"Homepage"},"content":{"rendered":"<p>[et_pb_section fb_built=&#8221;1&#8243; module_class=&#8221;homepage-header&#8221; _builder_version=&#8221;4.24.3&#8243; _module_preset=&#8221;default&#8221; background_color=&#8221;#001812&#8243; background_enable_image=&#8221;off&#8221; height=&#8221;100vh&#8221; height_tablet=&#8221;&#8221; height_phone=&#8221;&#8221; height_last_edited=&#8221;on|tablet&#8221; custom_padding=&#8221;0px||0px||false|false&#8221; da_disable_devices=&#8221;off|off|off&#8221; global_colors_info=&#8221;{}&#8221; da_is_popup=&#8221;off&#8221; da_exit_intent=&#8221;off&#8221; da_has_close=&#8221;on&#8221; da_alt_close=&#8221;off&#8221; da_dark_close=&#8221;off&#8221; da_not_modal=&#8221;on&#8221; da_is_singular=&#8221;off&#8221; da_with_loader=&#8221;off&#8221; da_has_shadow=&#8221;on&#8221;][et_pb_row column_structure=&#8221;1_3,1_3,1_3&#8243; use_custom_gutter=&#8221;on&#8221; gutter_width=&#8221;1&#8243; make_equal=&#8221;on&#8221; _builder_version=&#8221;4.24.3&#8243; _module_preset=&#8221;default&#8221; width=&#8221;100%&#8221; max_width=&#8221;100%&#8221; height=&#8221;100%&#8221; height_tablet=&#8221;0px&#8221; height_phone=&#8221;0px&#8221; height_last_edited=&#8221;off|desktop&#8221; custom_margin=&#8221;0px||0px||false|false&#8221; custom_padding=&#8221;0px||0px||false|false&#8221; global_colors_info=&#8221;{}&#8221;][et_pb_column type=&#8221;1_3&#8243; _builder_version=&#8221;4.24.3&#8243; _module_preset=&#8221;default&#8221; background_color=&#8221;rgba(0,0,0,0.12)&#8221; background_image=&#8221;https:\/\/thediplomatcollection.com\/wp-content\/uploads\/2024\/04\/marding3047-scaled.jpeg&#8221; background_position=&#8221;top_left&#8221; background_horizontal_offset=&#8221;14%&#8221; background_vertical_offset=&#8221;80%&#8221; background_blend=&#8221;overlay&#8221; custom_padding=&#8221;|0px||0px|false|false&#8221; custom_padding_tablet=&#8221;50px||50px||false|false&#8221; custom_padding_phone=&#8221;50px||50px||false|false&#8221; custom_padding_last_edited=&#8221;on|desktop&#8221; link_option_url=&#8221;https:\/\/hotelvilladagmar.com\/&#8221; link_option_url_new_window=&#8221;on&#8221; custom_css_main_element=&#8221;display:flex;||align-items:center;&#8221; border_color_all=&#8221;#FFFFFF&#8221; global_colors_info=&#8221;{}&#8221; background__hover_enabled=&#8221;on|hover&#8221; background_color__hover=&#8221;rgba(0,0,0,0.31)&#8221; background_enable_color__hover=&#8221;on&#8221;][et_pb_image src=&#8221;https:\/\/thediplomatcollection.com\/wp-content\/uploads\/2024\/02\/Villa_Dagmar-Logotyp-vit.png&#8221; title_text=&#8221;Villa_Dagmar-Logotyp-vit&#8221; url=&#8221;https:\/\/hotelvilladagmar.com\/&#8221; align=&#8221;center&#8221; module_class=&#8221;click-dagmar&#8221; _builder_version=&#8221;4.24.3&#8243; _module_preset=&#8221;default&#8221; width=&#8221;80%&#8221; width_tablet=&#8221;60%&#8221; width_phone=&#8221;65%&#8221; width_last_edited=&#8221;on|desktop&#8221; global_colors_info=&#8221;{}&#8221;][\/et_pb_image][\/et_pb_column][et_pb_column type=&#8221;1_3&#8243; _builder_version=&#8221;4.24.3&#8243; _module_preset=&#8221;default&#8221; background_color=&#8221;rgba(0,0,0,0.12)&#8221; background_image=&#8221;https:\/\/thediplomatcollection.com\/wp-content\/uploads\/2024\/04\/marding3646_1-kopia.jpg&#8221; background_position=&#8221;top_right&#8221; background_horizontal_offset=&#8221;45%&#8221; background_blend=&#8221;overlay&#8221; custom_padding=&#8221;0px|0px|0px|0px|false|false&#8221; custom_padding_tablet=&#8221;50px||50px||false|false&#8221; custom_padding_phone=&#8221;50px|0px|50px|0px|false|false&#8221; custom_padding_last_edited=&#8221;on|desktop&#8221; link_option_url=&#8221;https:\/\/www.diplomathotel.com\/&#8221; link_option_url_new_window=&#8221;on&#8221; custom_css_main_element=&#8221;display:flex;||align-items:center;&#8221; border_style_all=&#8221;none&#8221; border_width_top=&#8221;10px&#8221; border_color_top=&#8221;#FFFFFF&#8221; border_color_right=&#8221;#FFFFFF&#8221; border_width_bottom=&#8221;10px&#8221; border_color_bottom=&#8221;#FFFFFF&#8221; border_color_left=&#8221;#FFFFFF&#8221; border_width_top_tablet=&#8221;0px&#8221; border_width_top_phone=&#8221;0px&#8221; border_width_top_last_edited=&#8221;on|desktop&#8221; border_width_right_tablet=&#8221;10px&#8221; border_width_right_phone=&#8221;10px&#8221; border_width_right_last_edited=&#8221;on|desktop&#8221; border_width_bottom_tablet=&#8221;0px&#8221; border_width_bottom_phone=&#8221;0px&#8221; border_width_bottom_last_edited=&#8221;on|desktop&#8221; border_width_left_tablet=&#8221;10px&#8221; border_width_left_phone=&#8221;10px&#8221; border_width_left_last_edited=&#8221;on|phone&#8221; global_colors_info=&#8221;{}&#8221; background__hover_enabled=&#8221;on|desktop&#8221; background_color__hover=&#8221;rgba(0,0,0,0.31)&#8221; background_enable_color__hover=&#8221;on&#8221;][et_pb_image src=&#8221;https:\/\/thediplomatcollection.com\/wp-content\/uploads\/2024\/02\/Hotel_Diplomat-Logotyp-vit.png&#8221; title_text=&#8221;Hotel_Diplomat-Logotyp-vit&#8221; url=&#8221;https:\/\/www.diplomathotel.com\/&#8221; align=&#8221;center&#8221; module_class=&#8221;click-diplomat&#8221; _builder_version=&#8221;4.24.3&#8243; _module_preset=&#8221;default&#8221; width=&#8221;80%&#8221; width_tablet=&#8221;60%&#8221; width_phone=&#8221;65%&#8221; width_last_edited=&#8221;on|desktop&#8221; global_colors_info=&#8221;{}&#8221;][\/et_pb_image][\/et_pb_column][et_pb_column type=&#8221;1_3&#8243; _builder_version=&#8221;4.24.3&#8243; _module_preset=&#8221;default&#8221; background_color=&#8221;rgba(0,0,0,0.12)&#8221; background_image=&#8221;https:\/\/thediplomatcollection.com\/wp-content\/uploads\/2024\/09\/rooftop_20240819_villa_dahlia_hlvm_021.jpg&#8221; background_position=&#8221;center_left&#8221; background_horizontal_offset=&#8221;20%&#8221; background_blend=&#8221;overlay&#8221; custom_padding=&#8221;|0px||0px|false|false&#8221; custom_padding_tablet=&#8221;50px||50px||false|false&#8221; custom_padding_phone=&#8221;50px||50px||false|false&#8221; custom_padding_last_edited=&#8221;on|phone&#8221; link_option_url=&#8221;https:\/\/hotelvilladahlia.com\/&#8221; link_option_url_new_window=&#8221;on&#8221; custom_css_main_element=&#8221;display:flex;||align-items:center;&#8221; border_color_all=&#8221;#FFFFFF&#8221; global_colors_info=&#8221;{}&#8221; background__hover_enabled=&#8221;on|hover&#8221; background_color__hover=&#8221;rgba(0,0,0,0.31)&#8221; background_enable_color__hover=&#8221;on&#8221;][et_pb_image src=&#8221;https:\/\/thediplomatcollection.com\/wp-content\/uploads\/2024\/02\/Villa_Dahlia-Logotyp-vit.png&#8221; title_text=&#8221;Villa_Dahlia-Logotyp-vit&#8221; url=&#8221;https:\/\/hotelvilladahlia.com\/&#8221; align=&#8221;center&#8221; module_class=&#8221;click-dahlia&#8221; _builder_version=&#8221;4.24.3&#8243; _module_preset=&#8221;default&#8221; width=&#8221;80%&#8221; width_tablet=&#8221;60%&#8221; width_phone=&#8221;65%&#8221; width_last_edited=&#8221;on|desktop&#8221; global_colors_info=&#8221;{}&#8221;][\/et_pb_image][\/et_pb_column][\/et_pb_row][\/et_pb_section][et_pb_section fb_built=&#8221;1&#8243; _builder_version=&#8221;4.24.3&#8243; _module_preset=&#8221;default&#8221; background_color=&#8221;#001812&#8243; da_disable_devices=&#8221;off|off|off&#8221; global_colors_info=&#8221;{}&#8221; da_is_popup=&#8221;off&#8221; da_exit_intent=&#8221;off&#8221; da_has_close=&#8221;on&#8221; da_alt_close=&#8221;off&#8221; da_dark_close=&#8221;off&#8221; da_not_modal=&#8221;on&#8221; da_is_singular=&#8221;off&#8221; da_with_loader=&#8221;off&#8221; da_has_shadow=&#8221;on&#8221;][et_pb_row _builder_version=&#8221;4.24.2&#8243; _module_preset=&#8221;default&#8221; global_colors_info=&#8221;{}&#8221;][et_pb_column type=&#8221;4_4&#8243; _builder_version=&#8221;4.24.2&#8243; _module_preset=&#8221;default&#8221; global_colors_info=&#8221;{}&#8221;][et_pb_text _builder_version=&#8221;4.24.3&#8243; _module_preset=&#8221;default&#8221; text_letter_spacing=&#8221;7px&#8221; global_colors_info=&#8221;{}&#8221;]<\/p>\n<h1 style=\"text-align: center;\"><span style=\"color: #ffffff;\">DIPLOMAT COLLECTION<\/span><\/h1>\n<p>[\/et_pb_text][et_pb_text _builder_version=&#8221;4.24.3&#8243; _module_preset=&#8221;default&#8221; text_text_color=&#8221;#000000&#8243; text_font_size=&#8221;22px&#8221; text_line_height=&#8221;1.5em&#8221; text_orientation=&#8221;center&#8221; custom_padding=&#8221;|160px||160px||&#8221; text_font_size_tablet=&#8221;22px&#8221; text_font_size_phone=&#8221;18px&#8221; text_font_size_last_edited=&#8221;on|phone&#8221; global_colors_info=&#8221;{}&#8221;]<\/p>\n<p><em><span style=\"color: #ffffff;\">Ikoniska, eleganta och kurerade boutiquehotell bel\u00e4gna i hj\u00e4rtat av Stockholm. Diplomat Collection f\u00f6renar historia, hantverk och skandinavisk grace med minnesv\u00e4rda vistelser i huvudstadens mest eftertraktade kvarter.<\/span><\/em><\/p>\n<p><span style=\"color: #ffffff;\"><\/span><\/p>\n<p><span style=\"color: #ffffff;\">Hotel Diplomat, v\u00e5r grande dame, \u00e4r bel\u00e4get p\u00e5 vackra Strandv\u00e4gen och blickar ut \u00f6ver Nybroviken. Ett stenkast bort p\u00e5 livliga Nybrogatan, finner du det chica och eklektiska boutiquehotellet Villa Dagmar. Intill den lummiga Tegn\u00e9rlunden vilar Villa Dahlia, en kurerad tillflyktsort med unik utsikt \u00f6ver stadens tak\u00e5sar. V\u00e5ra boutiquehotell best\u00e5r av omsorgsfullt inredda rum och sviter, gastronomiska upplevelser, sociala utrymmen och spa med tr\u00e4ningsfaciliteter f\u00f6r avkoppling och v\u00e4lbefinnande.<\/span><\/p>\n<p><span style=\"color: #ffffff;\"><\/span><\/p>\n<p><span style=\"color: #ffffff;\">Diplomat Collection genomsyras av ett stort engagemang inom h\u00e5llbarhet, i allt fr\u00e5n inredning och materialval till hotellens dagliga drift. Vi str\u00e4var efter att dela v\u00e5r k\u00e4rlek till Stockholm genom att visa upp Sveriges sk\u00f6nhet genom konstn\u00e4rliga, kulturella och kulinariska upplevelser samt lyfta fram dess unika hantverk och design. Genom att samarbeta med lokala akt\u00f6rer bevaras hantverksarvet f\u00f6r framtida generationer.<\/span><\/p>\n<p>[\/et_pb_text][\/et_pb_column][\/et_pb_row][\/et_pb_section]<\/p>\n","protected":false},"excerpt":{"rendered":"<p>DIPLOMAT COLLECTIONIkoniska, eleganta och kurerade boutiquehotell bel\u00e4gna i hj\u00e4rtat av Stockholm. Diplomat Collection f\u00f6renar historia, hantverk och skandinavisk grace med minnesv\u00e4rda vistelser i huvudstadens mest eftertraktade kvarter. Hotel Diplomat, v\u00e5r grande dame, \u00e4r bel\u00e4get p\u00e5 vackra Strandv\u00e4gen och blickar ut \u00f6ver Nybroviken. Ett stenkast bort p\u00e5 livliga Nybrogatan, finner du det chica och eklektiska boutiquehotellet [&hellip;]<\/p>\n","protected":false},"author":1,"featured_media":0,"parent":0,"menu_order":0,"comment_status":"closed","ping_status":"closed","template":"","meta":{"_et_pb_use_builder":"on","_et_pb_old_content":"<!-- wp:divi\/placeholder \/-->","_et_gb_content_width":"","footnotes":""},"class_list":["post-25830","page","type-page","status-publish","hentry"],"yoast_head":"<!-- This site is optimized with the Yoast SEO plugin v24.5 - https:\/\/yoast.com\/wordpress\/plugins\/seo\/ -->\n<title>V\u00e5ra Hotell i Stockholm - Diplomat Collection<\/title>\n<meta name=\"description\" content=\"H\u00e4r hittar du alla v\u00e5ra lyxiga hotell samlade i Stockholm: Hotell Diplomat, Hotell Villa Dagmar och Hotell Villa Dahlia. L\u00e4s mer h\u00e4r!\" \/>\n<meta name=\"robots\" content=\"index, follow, max-snippet:-1, max-image-preview:large, max-video-preview:-1\" \/>\n<link rel=\"canonical\" href=\"https:\/\/thediplomatcollection.com\/sv\/\" \/>\n<meta property=\"og:locale\" content=\"sv_SE\" \/>\n<meta property=\"og:type\" content=\"article\" \/>\n<meta property=\"og:title\" content=\"V\u00e5ra Hotell i Stockholm - Diplomat Collection\" \/>\n<meta property=\"og:description\" content=\"H\u00e4r hittar du alla v\u00e5ra lyxiga hotell samlade i Stockholm: Hotell Diplomat, Hotell Villa Dagmar och Hotell Villa Dahlia. L\u00e4s mer h\u00e4r!\" \/>\n<meta property=\"og:url\" content=\"https:\/\/thediplomatcollection.com\/sv\/\" \/>\n<meta property=\"og:site_name\" content=\"Diplomat Collection\" \/>\n<meta property=\"article:modified_time\" content=\"2025-02-28T14:58:50+00:00\" \/>\n<meta name=\"twitter:card\" content=\"summary_large_image\" \/>\n<meta name=\"twitter:label1\" content=\"Ber\u00e4knad l\u00e4stid\" \/>\n\t<meta name=\"twitter:data1\" content=\"2 minuter\" \/>\n<script type=\"application\/ld+json\" class=\"yoast-schema-graph\">{\"@context\":\"https:\/\/schema.org\",\"@graph\":[{\"@type\":\"WebPage\",\"@id\":\"https:\/\/thediplomatcollection.com\/sv\/\",\"url\":\"https:\/\/thediplomatcollection.com\/sv\/\",\"name\":\"V\u00e5ra Hotell i Stockholm - Diplomat Collection\",\"isPartOf\":{\"@id\":\"https:\/\/thediplomatcollection.com\/sv\/#website\"},\"datePublished\":\"2024-02-23T10:21:21+00:00\",\"dateModified\":\"2025-02-28T14:58:50+00:00\",\"description\":\"H\u00e4r hittar du alla v\u00e5ra lyxiga hotell samlade i Stockholm: Hotell Diplomat, Hotell Villa Dagmar och Hotell Villa Dahlia. L\u00e4s mer h\u00e4r!\",\"breadcrumb\":{\"@id\":\"https:\/\/thediplomatcollection.com\/sv\/#breadcrumb\"},\"inLanguage\":\"sv-SE\",\"potentialAction\":[{\"@type\":\"ReadAction\",\"target\":[\"https:\/\/thediplomatcollection.com\/sv\/\"]}]},{\"@type\":\"BreadcrumbList\",\"@id\":\"https:\/\/thediplomatcollection.com\/sv\/#breadcrumb\",\"itemListElement\":[{\"@type\":\"ListItem\",\"position\":1,\"name\":\"Home\",\"item\":\"https:\/\/thediplomatcollection.com\/sv\/\"},{\"@type\":\"ListItem\",\"position\":2,\"name\":\"Homepage\"}]},{\"@type\":\"WebSite\",\"@id\":\"https:\/\/thediplomatcollection.com\/sv\/#website\",\"url\":\"https:\/\/thediplomatcollection.com\/sv\/\",\"name\":\"Diplomat Collection\",\"description\":\"\",\"publisher\":{\"@id\":\"https:\/\/thediplomatcollection.com\/sv\/#organization\"},\"potentialAction\":[{\"@type\":\"SearchAction\",\"target\":{\"@type\":\"EntryPoint\",\"urlTemplate\":\"https:\/\/thediplomatcollection.com\/sv\/?s={search_term_string}\"},\"query-input\":{\"@type\":\"PropertyValueSpecification\",\"valueRequired\":true,\"valueName\":\"search_term_string\"}}],\"inLanguage\":\"sv-SE\"},{\"@type\":\"Organization\",\"@id\":\"https:\/\/thediplomatcollection.com\/sv\/#organization\",\"name\":\"Diplomat Collection\",\"url\":\"https:\/\/thediplomatcollection.com\/sv\/\",\"logo\":{\"@type\":\"ImageObject\",\"inLanguage\":\"sv-SE\",\"@id\":\"https:\/\/thediplomatcollection.com\/sv\/#\/schema\/logo\/image\/\",\"url\":\"https:\/\/thediplomatcollection.com\/wp-content\/uploads\/2024\/04\/logo-dc-black.png\",\"contentUrl\":\"https:\/\/thediplomatcollection.com\/wp-content\/uploads\/2024\/04\/logo-dc-black.png\",\"width\":1024,\"height\":441,\"caption\":\"Diplomat Collection\"},\"image\":{\"@id\":\"https:\/\/thediplomatcollection.com\/sv\/#\/schema\/logo\/image\/\"}}]}<\/script>\n<!-- \/ Yoast SEO plugin. -->","yoast_head_json":{"title":"V\u00e5ra Hotell i Stockholm - Diplomat Collection","description":"H\u00e4r hittar du alla v\u00e5ra lyxiga hotell samlade i Stockholm: Hotell Diplomat, Hotell Villa Dagmar och Hotell Villa Dahlia. L\u00e4s mer h\u00e4r!","robots":{"index":"index","follow":"follow","max-snippet":"max-snippet:-1","max-image-preview":"max-image-preview:large","max-video-preview":"max-video-preview:-1"},"canonical":"https:\/\/thediplomatcollection.com\/sv\/","og_locale":"sv_SE","og_type":"article","og_title":"V\u00e5ra Hotell i Stockholm - Diplomat Collection","og_description":"H\u00e4r hittar du alla v\u00e5ra lyxiga hotell samlade i Stockholm: Hotell Diplomat, Hotell Villa Dagmar och Hotell Villa Dahlia. L\u00e4s mer h\u00e4r!","og_url":"https:\/\/thediplomatcollection.com\/sv\/","og_site_name":"Diplomat Collection","article_modified_time":"2025-02-28T14:58:50+00:00","twitter_card":"summary_large_image","twitter_misc":{"Ber\u00e4knad l\u00e4stid":"2 minuter"},"schema":{"@context":"https:\/\/schema.org","@graph":[{"@type":"WebPage","@id":"https:\/\/thediplomatcollection.com\/sv\/","url":"https:\/\/thediplomatcollection.com\/sv\/","name":"V\u00e5ra Hotell i Stockholm - Diplomat Collection","isPartOf":{"@id":"https:\/\/thediplomatcollection.com\/sv\/#website"},"datePublished":"2024-02-23T10:21:21+00:00","dateModified":"2025-02-28T14:58:50+00:00","description":"H\u00e4r hittar du alla v\u00e5ra lyxiga hotell samlade i Stockholm: Hotell Diplomat, Hotell Villa Dagmar och Hotell Villa Dahlia. L\u00e4s mer h\u00e4r!","breadcrumb":{"@id":"https:\/\/thediplomatcollection.com\/sv\/#breadcrumb"},"inLanguage":"sv-SE","potentialAction":[{"@type":"ReadAction","target":["https:\/\/thediplomatcollection.com\/sv\/"]}]},{"@type":"BreadcrumbList","@id":"https:\/\/thediplomatcollection.com\/sv\/#breadcrumb","itemListElement":[{"@type":"ListItem","position":1,"name":"Home","item":"https:\/\/thediplomatcollection.com\/sv\/"},{"@type":"ListItem","position":2,"name":"Homepage"}]},{"@type":"WebSite","@id":"https:\/\/thediplomatcollection.com\/sv\/#website","url":"https:\/\/thediplomatcollection.com\/sv\/","name":"Diplomat Collection","description":"","publisher":{"@id":"https:\/\/thediplomatcollection.com\/sv\/#organization"},"potentialAction":[{"@type":"SearchAction","target":{"@type":"EntryPoint","urlTemplate":"https:\/\/thediplomatcollection.com\/sv\/?s={search_term_string}"},"query-input":{"@type":"PropertyValueSpecification","valueRequired":true,"valueName":"search_term_string"}}],"inLanguage":"sv-SE"},{"@type":"Organization","@id":"https:\/\/thediplomatcollection.com\/sv\/#organization","name":"Diplomat Collection","url":"https:\/\/thediplomatcollection.com\/sv\/","logo":{"@type":"ImageObject","inLanguage":"sv-SE","@id":"https:\/\/thediplomatcollection.com\/sv\/#\/schema\/logo\/image\/","url":"https:\/\/thediplomatcollection.com\/wp-content\/uploads\/2024\/04\/logo-dc-black.png","contentUrl":"https:\/\/thediplomatcollection.com\/wp-content\/uploads\/2024\/04\/logo-dc-black.png","width":1024,"height":441,"caption":"Diplomat Collection"},"image":{"@id":"https:\/\/thediplomatcollection.com\/sv\/#\/schema\/logo\/image\/"}}]}},"_links":{"self":[{"href":"https:\/\/thediplomatcollection.com\/sv\/wp-json\/wp\/v2\/pages\/25830","targetHints":{"allow":["GET"]}}],"collection":[{"href":"https:\/\/thediplomatcollection.com\/sv\/wp-json\/wp\/v2\/pages"}],"about":[{"href":"https:\/\/thediplomatcollection.com\/sv\/wp-json\/wp\/v2\/types\/page"}],"author":[{"embeddable":true,"href":"https:\/\/thediplomatcollection.com\/sv\/wp-json\/wp\/v2\/users\/1"}],"replies":[{"embeddable":true,"href":"https:\/\/thediplomatcollection.com\/sv\/wp-json\/wp\/v2\/comments?post=25830"}],"version-history":[{"count":0,"href":"https:\/\/thediplomatcollection.com\/sv\/wp-json\/wp\/v2\/pages\/25830\/revisions"}],"wp:attachment":[{"href":"https:\/\/thediplomatcollection.com\/sv\/wp-json\/wp\/v2\/media?parent=25830"}],"curies":[{"name":"wp","href":"https:\/\/api.w.org\/{rel}","templated":true}]}}