{"id":25831,"date":"2024-03-15T13:58:56","date_gmt":"2024-03-15T13:58:56","guid":{"rendered":"https:\/\/diplomatcollec.wpenginepowered.com\/legacy\/"},"modified":"2024-04-11T12:01:01","modified_gmt":"2024-04-11T12:01:01","slug":"legacy","status":"publish","type":"page","link":"https:\/\/thediplomatcollection.com\/sv\/legacy\/","title":{"rendered":"Legacy"},"content":{"rendered":"<p>[et_pb_section fb_built=&#8221;1&#8243; fullwidth=&#8221;on&#8221; _builder_version=&#8221;4.24.2&#8243; _module_preset=&#8221;default&#8221; custom_margin=&#8221;||||false|false&#8221; custom_margin_tablet=&#8221;-300px||||false|false&#8221; custom_margin_phone=&#8221;-300px||||false|false&#8221; custom_margin_last_edited=&#8221;off|desktop&#8221; global_colors_info=&#8221;{}&#8221;][et_pb_fullwidth_header title=&#8221;Legacy&#8221; subhead=&#8221;Our golden thread&#8221; text_orientation=&#8221;center&#8221; header_fullscreen=&#8221;on&#8221; header_scroll_down=&#8221;on&#8221; scroll_down_icon=&#8221;%%1%%&#8221; scroll_down_icon_color=&#8221;#00ab84&#8243; button_one_url=&#8221;#&#8221; module_class=&#8221;collection-hero&#8221; _builder_version=&#8221;4.24.2&#8243; _module_preset=&#8221;default&#8221; subhead_font=&#8221;|||on|||||&#8221; subhead_font_size=&#8221;55px&#8221; background_enable_color=&#8221;off&#8221; background_image=&#8221;https:\/\/thediplomatcollection.com\/wp-content\/uploads\/2024\/03\/Legacy_Diplomat-Collection_Villa-Dagmar-FOto-1-scaled.jpg&#8221; custom_button_one=&#8221;on&#8221; button_one_text_size=&#8221;20px&#8221; button_one_border_width=&#8221;2px&#8221; button_one_font=&#8221;||||||||&#8221; button_one_use_icon=&#8221;off&#8221; hover_enabled=&#8221;0&#8243; subhead_line_height_tablet=&#8221;1.1em&#8221; subhead_line_height_phone=&#8221;1.1em&#8221; subhead_line_height_last_edited=&#8221;on|phone&#8221; global_colors_info=&#8221;{}&#8221; sticky_enabled=&#8221;0&#8243;][\/et_pb_fullwidth_header][\/et_pb_section][et_pb_section fb_built=&#8221;1&#8243; _builder_version=&#8221;4.24.2&#8243; _module_preset=&#8221;default&#8221; global_colors_info=&#8221;{}&#8221;][et_pb_row _builder_version=&#8221;4.24.2&#8243; _module_preset=&#8221;default&#8221; global_colors_info=&#8221;{}&#8221;][et_pb_column type=&#8221;4_4&#8243; _builder_version=&#8221;4.24.2&#8243; _module_preset=&#8221;default&#8221; global_colors_info=&#8221;{}&#8221;][et_pb_text _builder_version=&#8221;4.24.2&#8243; _module_preset=&#8221;default&#8221; text_font=&#8221;||on||||||&#8221; text_text_color=&#8221;#000000&#8243; text_font_size=&#8221;22px&#8221; text_line_height=&#8221;1.5em&#8221; text_orientation=&#8221;center&#8221; text_font_size_tablet=&#8221;22px&#8221; text_font_size_phone=&#8221;18px&#8221; text_font_size_last_edited=&#8221;on|phone&#8221; global_colors_info=&#8221;{}&#8221;]<\/p>\n<p>\u201dDagmar var f\u00f6r oss inom familjen en stor inspirationsk\u00e4lla som vi \u00e4r glada att f\u00e5 f\u00f6rverkliga i ett nytt hotell p\u00e5 en av Stockholms b\u00e4sta adresser.\u201d \u2013 Anna Cappelen<\/p>\n<p>[\/et_pb_text][et_pb_text _builder_version=&#8221;4.24.2&#8243; _module_preset=&#8221;default&#8221; text_text_color=&#8221;#000000&#8243; text_font_size=&#8221;22px&#8221; text_line_height=&#8221;1.5em&#8221; text_orientation=&#8221;center&#8221; text_font_size_tablet=&#8221;22px&#8221; text_font_size_phone=&#8221;18px&#8221; text_font_size_last_edited=&#8221;on|phone&#8221; global_colors_info=&#8221;{}&#8221;]<\/p>\n<p>AT THE NORTH END OF THE FORUM ARE THE REMAINS of a very large Nunc vitae ornare dolor, imperdiet rhoncus tellus. <strong>Praesent malesuada suscipit massa consectetur facilisis.<\/strong> Etiam ut neque commodo, pulvinar ligula et, porttitor est. Praesent vehicula nunc sed posuere mollis. Maecenas lobortis justo condimentum felis pretium.<\/p>\n<p>[\/et_pb_text][\/et_pb_column][\/et_pb_row][\/et_pb_section]<\/p>\n","protected":false},"excerpt":{"rendered":"<p>\u201dDagmar var f\u00f6r oss inom familjen en stor inspirationsk\u00e4lla som vi \u00e4r glada att f\u00e5 f\u00f6rverkliga i ett nytt hotell p\u00e5 en av Stockholms b\u00e4sta adresser.\u201d \u2013 Anna CappelenAT THE NORTH END OF THE FORUM ARE THE REMAINS of a very large Nunc vitae ornare dolor, imperdiet rhoncus tellus. Praesent malesuada suscipit massa consectetur facilisis. [&hellip;]<\/p>\n","protected":false},"author":1,"featured_media":0,"parent":0,"menu_order":0,"comment_status":"closed","ping_status":"closed","template":"","meta":{"_et_pb_use_builder":"on","_et_pb_old_content":"","_et_gb_content_width":"","footnotes":""},"class_list":["post-25831","page","type-page","status-publish","hentry"],"yoast_head":"<!-- This site is optimized with the Yoast SEO plugin v24.5 - https:\/\/yoast.com\/wordpress\/plugins\/seo\/ -->\n<title>Legacy - Diplomat Collection<\/title>\n<meta name=\"robots\" content=\"index, follow, max-snippet:-1, max-image-preview:large, max-video-preview:-1\" \/>\n<link rel=\"canonical\" href=\"https:\/\/thediplomatcollection.com\/sv\/legacy\/\" \/>\n<meta property=\"og:locale\" content=\"sv_SE\" \/>\n<meta property=\"og:type\" content=\"article\" \/>\n<meta property=\"og:title\" content=\"Legacy - Diplomat Collection\" \/>\n<meta property=\"og:description\" content=\"\u201dDagmar var f\u00f6r oss inom familjen en stor inspirationsk\u00e4lla som vi \u00e4r glada att f\u00e5 f\u00f6rverkliga i ett nytt hotell p\u00e5 en av Stockholms b\u00e4sta adresser.\u201d \u2013 Anna CappelenAT THE NORTH END OF THE FORUM ARE THE REMAINS of a very large Nunc vitae ornare dolor, imperdiet rhoncus tellus. Praesent malesuada suscipit massa consectetur facilisis. [&hellip;]\" \/>\n<meta property=\"og:url\" content=\"https:\/\/thediplomatcollection.com\/sv\/legacy\/\" \/>\n<meta property=\"og:site_name\" content=\"Diplomat Collection\" \/>\n<meta property=\"article:modified_time\" content=\"2024-04-11T12:01:01+00:00\" \/>\n<meta name=\"twitter:card\" content=\"summary_large_image\" \/>\n<meta name=\"twitter:label1\" content=\"Ber\u00e4knad l\u00e4stid\" \/>\n\t<meta name=\"twitter:data1\" content=\"1 minut\" \/>\n<script type=\"application\/ld+json\" class=\"yoast-schema-graph\">{\"@context\":\"https:\/\/schema.org\",\"@graph\":[{\"@type\":\"WebPage\",\"@id\":\"https:\/\/thediplomatcollection.com\/sv\/legacy\/\",\"url\":\"https:\/\/thediplomatcollection.com\/sv\/legacy\/\",\"name\":\"Legacy - Diplomat Collection\",\"isPartOf\":{\"@id\":\"https:\/\/thediplomatcollection.com\/sv\/#website\"},\"datePublished\":\"2024-03-15T13:58:56+00:00\",\"dateModified\":\"2024-04-11T12:01:01+00:00\",\"breadcrumb\":{\"@id\":\"https:\/\/thediplomatcollection.com\/sv\/legacy\/#breadcrumb\"},\"inLanguage\":\"sv-SE\",\"potentialAction\":[{\"@type\":\"ReadAction\",\"target\":[\"https:\/\/thediplomatcollection.com\/sv\/legacy\/\"]}]},{\"@type\":\"BreadcrumbList\",\"@id\":\"https:\/\/thediplomatcollection.com\/sv\/legacy\/#breadcrumb\",\"itemListElement\":[{\"@type\":\"ListItem\",\"position\":1,\"name\":\"Home\",\"item\":\"https:\/\/thediplomatcollection.com\/sv\/\"},{\"@type\":\"ListItem\",\"position\":2,\"name\":\"Legacy\"}]},{\"@type\":\"WebSite\",\"@id\":\"https:\/\/thediplomatcollection.com\/sv\/#website\",\"url\":\"https:\/\/thediplomatcollection.com\/sv\/\",\"name\":\"Diplomat Collection\",\"description\":\"\",\"publisher\":{\"@id\":\"https:\/\/thediplomatcollection.com\/sv\/#organization\"},\"potentialAction\":[{\"@type\":\"SearchAction\",\"target\":{\"@type\":\"EntryPoint\",\"urlTemplate\":\"https:\/\/thediplomatcollection.com\/sv\/?s={search_term_string}\"},\"query-input\":{\"@type\":\"PropertyValueSpecification\",\"valueRequired\":true,\"valueName\":\"search_term_string\"}}],\"inLanguage\":\"sv-SE\"},{\"@type\":\"Organization\",\"@id\":\"https:\/\/thediplomatcollection.com\/sv\/#organization\",\"name\":\"Diplomat Collection\",\"url\":\"https:\/\/thediplomatcollection.com\/sv\/\",\"logo\":{\"@type\":\"ImageObject\",\"inLanguage\":\"sv-SE\",\"@id\":\"https:\/\/thediplomatcollection.com\/sv\/#\/schema\/logo\/image\/\",\"url\":\"https:\/\/thediplomatcollection.com\/wp-content\/uploads\/2024\/04\/logo-dc-black.png\",\"contentUrl\":\"https:\/\/thediplomatcollection.com\/wp-content\/uploads\/2024\/04\/logo-dc-black.png\",\"width\":1024,\"height\":441,\"caption\":\"Diplomat Collection\"},\"image\":{\"@id\":\"https:\/\/thediplomatcollection.com\/sv\/#\/schema\/logo\/image\/\"}}]}<\/script>\n<!-- \/ Yoast SEO plugin. -->","yoast_head_json":{"title":"Legacy - Diplomat Collection","robots":{"index":"index","follow":"follow","max-snippet":"max-snippet:-1","max-image-preview":"max-image-preview:large","max-video-preview":"max-video-preview:-1"},"canonical":"https:\/\/thediplomatcollection.com\/sv\/legacy\/","og_locale":"sv_SE","og_type":"article","og_title":"Legacy - Diplomat Collection","og_description":"\u201dDagmar var f\u00f6r oss inom familjen en stor inspirationsk\u00e4lla som vi \u00e4r glada att f\u00e5 f\u00f6rverkliga i ett nytt hotell p\u00e5 en av Stockholms b\u00e4sta adresser.\u201d \u2013 Anna CappelenAT THE NORTH END OF THE FORUM ARE THE REMAINS of a very large Nunc vitae ornare dolor, imperdiet rhoncus tellus. Praesent malesuada suscipit massa consectetur facilisis. [&hellip;]","og_url":"https:\/\/thediplomatcollection.com\/sv\/legacy\/","og_site_name":"Diplomat Collection","article_modified_time":"2024-04-11T12:01:01+00:00","twitter_card":"summary_large_image","twitter_misc":{"Ber\u00e4knad l\u00e4stid":"1 minut"},"schema":{"@context":"https:\/\/schema.org","@graph":[{"@type":"WebPage","@id":"https:\/\/thediplomatcollection.com\/sv\/legacy\/","url":"https:\/\/thediplomatcollection.com\/sv\/legacy\/","name":"Legacy - Diplomat Collection","isPartOf":{"@id":"https:\/\/thediplomatcollection.com\/sv\/#website"},"datePublished":"2024-03-15T13:58:56+00:00","dateModified":"2024-04-11T12:01:01+00:00","breadcrumb":{"@id":"https:\/\/thediplomatcollection.com\/sv\/legacy\/#breadcrumb"},"inLanguage":"sv-SE","potentialAction":[{"@type":"ReadAction","target":["https:\/\/thediplomatcollection.com\/sv\/legacy\/"]}]},{"@type":"BreadcrumbList","@id":"https:\/\/thediplomatcollection.com\/sv\/legacy\/#breadcrumb","itemListElement":[{"@type":"ListItem","position":1,"name":"Home","item":"https:\/\/thediplomatcollection.com\/sv\/"},{"@type":"ListItem","position":2,"name":"Legacy"}]},{"@type":"WebSite","@id":"https:\/\/thediplomatcollection.com\/sv\/#website","url":"https:\/\/thediplomatcollection.com\/sv\/","name":"Diplomat Collection","description":"","publisher":{"@id":"https:\/\/thediplomatcollection.com\/sv\/#organization"},"potentialAction":[{"@type":"SearchAction","target":{"@type":"EntryPoint","urlTemplate":"https:\/\/thediplomatcollection.com\/sv\/?s={search_term_string}"},"query-input":{"@type":"PropertyValueSpecification","valueRequired":true,"valueName":"search_term_string"}}],"inLanguage":"sv-SE"},{"@type":"Organization","@id":"https:\/\/thediplomatcollection.com\/sv\/#organization","name":"Diplomat Collection","url":"https:\/\/thediplomatcollection.com\/sv\/","logo":{"@type":"ImageObject","inLanguage":"sv-SE","@id":"https:\/\/thediplomatcollection.com\/sv\/#\/schema\/logo\/image\/","url":"https:\/\/thediplomatcollection.com\/wp-content\/uploads\/2024\/04\/logo-dc-black.png","contentUrl":"https:\/\/thediplomatcollection.com\/wp-content\/uploads\/2024\/04\/logo-dc-black.png","width":1024,"height":441,"caption":"Diplomat Collection"},"image":{"@id":"https:\/\/thediplomatcollection.com\/sv\/#\/schema\/logo\/image\/"}}]}},"_links":{"self":[{"href":"https:\/\/thediplomatcollection.com\/sv\/wp-json\/wp\/v2\/pages\/25831","targetHints":{"allow":["GET"]}}],"collection":[{"href":"https:\/\/thediplomatcollection.com\/sv\/wp-json\/wp\/v2\/pages"}],"about":[{"href":"https:\/\/thediplomatcollection.com\/sv\/wp-json\/wp\/v2\/types\/page"}],"author":[{"embeddable":true,"href":"https:\/\/thediplomatcollection.com\/sv\/wp-json\/wp\/v2\/users\/1"}],"replies":[{"embeddable":true,"href":"https:\/\/thediplomatcollection.com\/sv\/wp-json\/wp\/v2\/comments?post=25831"}],"version-history":[{"count":0,"href":"https:\/\/thediplomatcollection.com\/sv\/wp-json\/wp\/v2\/pages\/25831\/revisions"}],"wp:attachment":[{"href":"https:\/\/thediplomatcollection.com\/sv\/wp-json\/wp\/v2\/media?parent=25831"}],"curies":[{"name":"wp","href":"https:\/\/api.w.org\/{rel}","templated":true}]}}