{"id":25834,"date":"2024-04-09T07:44:14","date_gmt":"2024-04-09T07:44:14","guid":{"rendered":"https:\/\/diplomatcollec.wpenginepowered.com\/sustainability\/"},"modified":"2024-04-24T14:34:36","modified_gmt":"2024-04-24T14:34:36","slug":"sustainability","status":"publish","type":"page","link":"https:\/\/thediplomatcollection.com\/sv\/sustainability\/","title":{"rendered":"Sustainability"},"content":{"rendered":"<p>[et_pb_section fb_built=&#8221;1&#8243; fullwidth=&#8221;on&#8221; _builder_version=&#8221;4.24.2&#8243; _module_preset=&#8221;default&#8221; custom_margin=&#8221;||||false|false&#8221; custom_margin_tablet=&#8221;-300px||||false|false&#8221; custom_margin_phone=&#8221;-300px||||false|false&#8221; custom_margin_last_edited=&#8221;off|desktop&#8221; da_disable_devices=&#8221;off|off|off&#8221; global_colors_info=&#8221;{}&#8221; da_is_popup=&#8221;off&#8221; da_exit_intent=&#8221;off&#8221; da_has_close=&#8221;on&#8221; da_alt_close=&#8221;off&#8221; da_dark_close=&#8221;off&#8221; da_not_modal=&#8221;on&#8221; da_is_singular=&#8221;off&#8221; da_with_loader=&#8221;off&#8221; da_has_shadow=&#8221;on&#8221;][et_pb_fullwidth_header title=&#8221;Upplevelser av kvalitet med h\u00e4nsyn till milj\u00f6n&#8221; subhead=&#8221;H\u00c5LLBARHET&#8221; text_orientation=&#8221;center&#8221; header_fullscreen=&#8221;on&#8221; header_scroll_down=&#8221;on&#8221; scroll_down_icon=&#8221;%%1%%&#8221; scroll_down_icon_color=&#8221;#00ab84&#8243; button_one_url=&#8221;#&#8221; module_class=&#8221;collection-hero&#8221; _builder_version=&#8221;4.24.3&#8243; _module_preset=&#8221;default&#8221; title_font=&#8221;||on||||||&#8221; subhead_font=&#8221;|||on|||||&#8221; subhead_font_size=&#8221;55px&#8221; subhead_letter_spacing=&#8221;6px&#8221; background_enable_color=&#8221;off&#8221; background_image=&#8221;https:\/\/thediplomatcollection.com\/wp-content\/uploads\/2024\/04\/marding3411-scaled.jpg&#8221; background_position=&#8221;top_center&#8221; background_vertical_offset=&#8221;28%&#8221; custom_button_one=&#8221;on&#8221; button_one_text_size=&#8221;20px&#8221; button_one_border_width=&#8221;2px&#8221; button_one_font=&#8221;||||||||&#8221; button_one_use_icon=&#8221;off&#8221; min_height=&#8221;553px&#8221; custom_margin=&#8221;-30px|||||&#8221; custom_padding=&#8221;0px|||||&#8221; subhead_line_height_tablet=&#8221;1.1em&#8221; subhead_line_height_phone=&#8221;1.1em&#8221; subhead_line_height_last_edited=&#8221;on|phone&#8221; global_colors_info=&#8221;{}&#8221;][\/et_pb_fullwidth_header][\/et_pb_section][et_pb_section fb_built=&#8221;1&#8243; _builder_version=&#8221;4.24.3&#8243; _module_preset=&#8221;default&#8221; background_color=&#8221;#001812&#8243; da_disable_devices=&#8221;off|off|off&#8221; global_colors_info=&#8221;{}&#8221; da_is_popup=&#8221;off&#8221; da_exit_intent=&#8221;off&#8221; da_has_close=&#8221;on&#8221; da_alt_close=&#8221;off&#8221; da_dark_close=&#8221;off&#8221; da_not_modal=&#8221;on&#8221; da_is_singular=&#8221;off&#8221; da_with_loader=&#8221;off&#8221; da_has_shadow=&#8221;on&#8221;][et_pb_row _builder_version=&#8221;4.24.3&#8243; _module_preset=&#8221;default&#8221; global_colors_info=&#8221;{}&#8221;][et_pb_column type=&#8221;4_4&#8243; _builder_version=&#8221;4.24.3&#8243; _module_preset=&#8221;default&#8221; global_colors_info=&#8221;{}&#8221;][et_pb_text _builder_version=&#8221;4.24.3&#8243; _module_preset=&#8221;default&#8221; text_font_size=&#8221;22px&#8221; text_letter_spacing=&#8221;6px&#8221; text_line_height=&#8221;1.5em&#8221; hover_enabled=&#8221;0&#8243; global_colors_info=&#8221;{}&#8221; sticky_enabled=&#8221;0&#8243;]<\/p>\n<h1 style=\"text-align: center;\"><span style=\"color: #ffffff;\">H\u00c5LLBARHET\u00a0<\/span><\/h1>\n<p>[\/et_pb_text][et_pb_text _builder_version=&#8221;4.24.3&#8243; _module_preset=&#8221;default&#8221; text_font_size=&#8221;22px&#8221; text_line_height=&#8221;1.5em&#8221; custom_padding=&#8221;|160px||160px||&#8221; global_colors_info=&#8221;{}&#8221;]<\/p>\n<p style=\"text-align: center;\"><span style=\"color: #ffffff;\">H\u00e5llbarhet ligger som grund f\u00f6r allt vi g\u00f6r, och alla hotell inom Diplomat Collection speglar v\u00e5r milj\u00f6medvetna filosofi. Diplomat Collection \u00e4r det privat\u00e4gda alternativet f\u00f6r g\u00e4ster som s\u00f6ker boende och upplevelser av kvalitet med h\u00e4nsyn till milj\u00f6n och en h\u00e5llbar framtid. Vi samarbetar med lokala leverant\u00f6rer som delar v\u00e5rt t\u00e4nk inom h\u00e5llbarhet och kvalitet, prioriterar lokalt odlade r\u00e5varor och st\u00f6der producenter i v\u00e5rt n\u00e4romr\u00e5de f\u00f6r att minska transport och milj\u00f6farliga utsl\u00e4pp. Vi arbetar med <span style=\"text-decoration: underline;\"><a href=\"https:\/\/svenskcertifiering.se\/\" style=\"color: #ffffff; text-decoration: underline;\">ISO 14001<\/a><\/span> certifiering och v\u00e5ra st\u00e4drutiner \u00e4r utformade med h\u00e5llbarhet i \u00e5tanke genom att anv\u00e4nda milj\u00f6v\u00e4nliga produkter och minimera avfall s\u00e5 l\u00e5ngt det \u00e4r m\u00f6jligt. Ett bevis p\u00e5 v\u00e5r h\u00e4ngivenhet till att minska v\u00e5r milj\u00f6p\u00e5verkan, samtidigt som vi \u00e4r med och s\u00e4tter standarden f\u00f6r h\u00e5llbarhetsarbetet inom hotellbranschen, \u00e4r v\u00e5r <span style=\"text-decoration: underline;\"><a href=\"https:\/\/www.sgbc.se\/certifiering\/breeam-se\/vad-ar-breeam-in-use\/\" style=\"color: #ffffff; text-decoration: underline;\">BREEAM In-Use<\/a><\/span> certifiering med betyget &#8221;Excellent&#8221; p\u00e5 Villa Dahlia.<\/span><\/p>\n<p style=\"text-align: center;\"><span style=\"color: #ffffff;\">Vi tror att h\u00e5llbarhet \u00e4r en resa, inte en destination. Det \u00e4r d\u00e4rf\u00f6r vi \u00e4ven ger v\u00e5ra g\u00e4ster m\u00f6jlighet att g\u00f6ra milj\u00f6v\u00e4nliga val under sin vistelse. Oavsett om det handlar om att minimera anv\u00e4ndandet av eng\u00e5ngsartiklar, tv\u00e4tt- och vattenkonsumtion eller genom att v\u00e4lja h\u00e5llbara transportalternativ, varje beslut \u00e4r ett steg mot att tillsammans bidra till en gr\u00f6nare framtid.<\/span><\/p>\n<p style=\"text-align: center;\"><span style=\"color: #ffffff;\">Diplomat Collection \u00e4r en del av <span style=\"text-decoration: underline;\"><a href=\"https:\/\/gustafkommitte.com\/\" style=\"color: #ffffff; text-decoration: underline;\">Gustaf III Kommitt\u00e9<\/a><\/span>, som samlar premium svenska varum\u00e4rken f\u00f6r att internationellt fr\u00e4mja och bevara svensk arv, kultur och hantverk f\u00f6r kommande generationer.<\/span><\/p>\n<p style=\"text-align: center;\"><span style=\"color: #ffffff;\"><\/span><\/p>\n<p style=\"text-align: center;\"><span style=\"color: #ffffff;\"><\/span><\/p>\n<h2 style=\"text-align: center;\"><span style=\"color: #ffffff;\">SOCIALA INITIATIV &amp; WORLD CHILDHOOD FOUNDATION<\/span><\/h2>\n<p style=\"text-align: center;\"><span style=\"color: #ffffff;\"><\/span><\/p>\n<p style=\"text-align: center;\"><span style=\"color: #ffffff;\">V\u00e5r holistiska syn p\u00e5 h\u00e5llbarhet handlar inte bara om att skydda milj\u00f6n, det handlar ocks\u00e5 om att fr\u00e4mja m\u00e5ngfald, inkludering och socialt ansvar. Vi \u00e4r dedikerade till att bidra till en ljusare framtid f\u00f6r kommande generationer. Som en del av Diplomat Collection \u00e4r vi stolta \u00f6ver att leda med gott exempel och inspirera andra inom hotellbranschen att prioritera h\u00e5llbarhet.<\/span><\/p>\n<p style=\"text-align: center;\"><span style=\"color: #ffffff;\">Diplomat Collection \u00e4r sedan m\u00e5nga \u00e5r partner med <span style=\"text-decoration: underline;\"><a href=\"https:\/\/childhood.se\/?gad_source=1&amp;gclid=CjwKCAjw26KxBhBDEiwAu6KXt9KpL5WIGUqLiAeFl7GXe9Kogc2I2TfWO-Yjy0WWEo8AqUG9zG_STBoCtw4QAvD_BwE\" style=\"color: #ffffff; text-decoration: underline;\">World Childhood Foundation<\/a><\/span> som grundades 1999 av H.M. Drottning Silvia. Organisationen arbetar f\u00f6r att f\u00f6rebygga missbruk och exploatering av barn genom att st\u00f6dja \u00f6ver 100 globala projekt, hj\u00e4lpa barn som \u00e4r i riskzonen f\u00f6r eller \u00e4r offer f\u00f6r missbruk, barn i alternativ v\u00e5rd, heml\u00f6sa barn och familjer i riskzonen. Childhoods m\u00e5l \u00e4r att inget barn ska vara utsatt f\u00f6r en v\u00e5ldsam eller skadlig milj\u00f6, utan ist\u00e4llet ha m\u00f6jlighet att v\u00e4xa upp med minnen av en trygg och k\u00e4rleksfull barndom.<\/span><\/p>\n<p>[\/et_pb_text][\/et_pb_column][\/et_pb_row][\/et_pb_section]<\/p>\n","protected":false},"excerpt":{"rendered":"<p>H\u00c5LLBARHET\u00a0H\u00e5llbarhet ligger som grund f\u00f6r allt vi g\u00f6r, och alla hotell inom Diplomat Collection speglar v\u00e5r milj\u00f6medvetna filosofi. Diplomat Collection \u00e4r det privat\u00e4gda alternativet f\u00f6r g\u00e4ster som s\u00f6ker boende och upplevelser av kvalitet med h\u00e4nsyn till milj\u00f6n och en h\u00e5llbar framtid. Vi samarbetar med lokala leverant\u00f6rer som delar v\u00e5rt t\u00e4nk inom h\u00e5llbarhet och kvalitet, prioriterar [&hellip;]<\/p>\n","protected":false},"author":3,"featured_media":0,"parent":0,"menu_order":0,"comment_status":"closed","ping_status":"closed","template":"","meta":{"_et_pb_use_builder":"on","_et_pb_old_content":"","_et_gb_content_width":"","footnotes":""},"class_list":["post-25834","page","type-page","status-publish","hentry"],"yoast_head":"<!-- This site is optimized with the Yoast SEO plugin v24.5 - https:\/\/yoast.com\/wordpress\/plugins\/seo\/ -->\n<title>H\u00e5llbarhet och Sociala Initiativ | Villa Dahlia<\/title>\n<meta name=\"description\" content=\"Upplev Diplomat Collection: kvalitetsboende med milj\u00f6h\u00e4nsyn. ISO 14001-certifierade hotell, \u00e5tervinning och engagemang f\u00f6r h\u00e5llbarhet. Stolt del av Gustaf III Kommitt\u00e9.\" \/>\n<meta name=\"robots\" content=\"index, follow, max-snippet:-1, max-image-preview:large, max-video-preview:-1\" \/>\n<link rel=\"canonical\" href=\"https:\/\/thediplomatcollection.com\/sv\/sustainability\/\" \/>\n<meta property=\"og:locale\" content=\"sv_SE\" \/>\n<meta property=\"og:type\" content=\"article\" \/>\n<meta property=\"og:title\" content=\"H\u00e5llbarhet och Sociala Initiativ | Villa Dahlia\" \/>\n<meta property=\"og:description\" content=\"Upplev Diplomat Collection: kvalitetsboende med milj\u00f6h\u00e4nsyn. ISO 14001-certifierade hotell, \u00e5tervinning och engagemang f\u00f6r h\u00e5llbarhet. Stolt del av Gustaf III Kommitt\u00e9.\" \/>\n<meta property=\"og:url\" content=\"https:\/\/thediplomatcollection.com\/sv\/sustainability\/\" \/>\n<meta property=\"og:site_name\" content=\"Diplomat Collection\" \/>\n<meta property=\"article:modified_time\" content=\"2024-04-24T14:34:36+00:00\" \/>\n<meta name=\"twitter:card\" content=\"summary_large_image\" \/>\n<meta name=\"twitter:label1\" content=\"Ber\u00e4knad l\u00e4stid\" \/>\n\t<meta name=\"twitter:data1\" content=\"1 minut\" \/>\n<script type=\"application\/ld+json\" class=\"yoast-schema-graph\">{\"@context\":\"https:\/\/schema.org\",\"@graph\":[{\"@type\":\"WebPage\",\"@id\":\"https:\/\/thediplomatcollection.com\/sv\/sustainability\/\",\"url\":\"https:\/\/thediplomatcollection.com\/sv\/sustainability\/\",\"name\":\"H\u00e5llbarhet och Sociala Initiativ | Villa Dahlia\",\"isPartOf\":{\"@id\":\"https:\/\/thediplomatcollection.com\/sv\/#website\"},\"datePublished\":\"2024-04-09T07:44:14+00:00\",\"dateModified\":\"2024-04-24T14:34:36+00:00\",\"description\":\"Upplev Diplomat Collection: kvalitetsboende med milj\u00f6h\u00e4nsyn. ISO 14001-certifierade hotell, \u00e5tervinning och engagemang f\u00f6r h\u00e5llbarhet. Stolt del av Gustaf III Kommitt\u00e9.\",\"breadcrumb\":{\"@id\":\"https:\/\/thediplomatcollection.com\/sv\/sustainability\/#breadcrumb\"},\"inLanguage\":\"sv-SE\",\"potentialAction\":[{\"@type\":\"ReadAction\",\"target\":[\"https:\/\/thediplomatcollection.com\/sv\/sustainability\/\"]}]},{\"@type\":\"BreadcrumbList\",\"@id\":\"https:\/\/thediplomatcollection.com\/sv\/sustainability\/#breadcrumb\",\"itemListElement\":[{\"@type\":\"ListItem\",\"position\":1,\"name\":\"Home\",\"item\":\"https:\/\/thediplomatcollection.com\/sv\/\"},{\"@type\":\"ListItem\",\"position\":2,\"name\":\"Sustainability\"}]},{\"@type\":\"WebSite\",\"@id\":\"https:\/\/thediplomatcollection.com\/sv\/#website\",\"url\":\"https:\/\/thediplomatcollection.com\/sv\/\",\"name\":\"Diplomat Collection\",\"description\":\"\",\"publisher\":{\"@id\":\"https:\/\/thediplomatcollection.com\/sv\/#organization\"},\"potentialAction\":[{\"@type\":\"SearchAction\",\"target\":{\"@type\":\"EntryPoint\",\"urlTemplate\":\"https:\/\/thediplomatcollection.com\/sv\/?s={search_term_string}\"},\"query-input\":{\"@type\":\"PropertyValueSpecification\",\"valueRequired\":true,\"valueName\":\"search_term_string\"}}],\"inLanguage\":\"sv-SE\"},{\"@type\":\"Organization\",\"@id\":\"https:\/\/thediplomatcollection.com\/sv\/#organization\",\"name\":\"Diplomat Collection\",\"url\":\"https:\/\/thediplomatcollection.com\/sv\/\",\"logo\":{\"@type\":\"ImageObject\",\"inLanguage\":\"sv-SE\",\"@id\":\"https:\/\/thediplomatcollection.com\/sv\/#\/schema\/logo\/image\/\",\"url\":\"https:\/\/thediplomatcollection.com\/wp-content\/uploads\/2024\/04\/logo-dc-black.png\",\"contentUrl\":\"https:\/\/thediplomatcollection.com\/wp-content\/uploads\/2024\/04\/logo-dc-black.png\",\"width\":1024,\"height\":441,\"caption\":\"Diplomat Collection\"},\"image\":{\"@id\":\"https:\/\/thediplomatcollection.com\/sv\/#\/schema\/logo\/image\/\"}}]}<\/script>\n<!-- \/ Yoast SEO plugin. -->","yoast_head_json":{"title":"H\u00e5llbarhet och Sociala Initiativ | Villa Dahlia","description":"Upplev Diplomat Collection: kvalitetsboende med milj\u00f6h\u00e4nsyn. ISO 14001-certifierade hotell, \u00e5tervinning och engagemang f\u00f6r h\u00e5llbarhet. Stolt del av Gustaf III Kommitt\u00e9.","robots":{"index":"index","follow":"follow","max-snippet":"max-snippet:-1","max-image-preview":"max-image-preview:large","max-video-preview":"max-video-preview:-1"},"canonical":"https:\/\/thediplomatcollection.com\/sv\/sustainability\/","og_locale":"sv_SE","og_type":"article","og_title":"H\u00e5llbarhet och Sociala Initiativ | Villa Dahlia","og_description":"Upplev Diplomat Collection: kvalitetsboende med milj\u00f6h\u00e4nsyn. ISO 14001-certifierade hotell, \u00e5tervinning och engagemang f\u00f6r h\u00e5llbarhet. Stolt del av Gustaf III Kommitt\u00e9.","og_url":"https:\/\/thediplomatcollection.com\/sv\/sustainability\/","og_site_name":"Diplomat Collection","article_modified_time":"2024-04-24T14:34:36+00:00","twitter_card":"summary_large_image","twitter_misc":{"Ber\u00e4knad l\u00e4stid":"1 minut"},"schema":{"@context":"https:\/\/schema.org","@graph":[{"@type":"WebPage","@id":"https:\/\/thediplomatcollection.com\/sv\/sustainability\/","url":"https:\/\/thediplomatcollection.com\/sv\/sustainability\/","name":"H\u00e5llbarhet och Sociala Initiativ | Villa Dahlia","isPartOf":{"@id":"https:\/\/thediplomatcollection.com\/sv\/#website"},"datePublished":"2024-04-09T07:44:14+00:00","dateModified":"2024-04-24T14:34:36+00:00","description":"Upplev Diplomat Collection: kvalitetsboende med milj\u00f6h\u00e4nsyn. ISO 14001-certifierade hotell, \u00e5tervinning och engagemang f\u00f6r h\u00e5llbarhet. Stolt del av Gustaf III Kommitt\u00e9.","breadcrumb":{"@id":"https:\/\/thediplomatcollection.com\/sv\/sustainability\/#breadcrumb"},"inLanguage":"sv-SE","potentialAction":[{"@type":"ReadAction","target":["https:\/\/thediplomatcollection.com\/sv\/sustainability\/"]}]},{"@type":"BreadcrumbList","@id":"https:\/\/thediplomatcollection.com\/sv\/sustainability\/#breadcrumb","itemListElement":[{"@type":"ListItem","position":1,"name":"Home","item":"https:\/\/thediplomatcollection.com\/sv\/"},{"@type":"ListItem","position":2,"name":"Sustainability"}]},{"@type":"WebSite","@id":"https:\/\/thediplomatcollection.com\/sv\/#website","url":"https:\/\/thediplomatcollection.com\/sv\/","name":"Diplomat Collection","description":"","publisher":{"@id":"https:\/\/thediplomatcollection.com\/sv\/#organization"},"potentialAction":[{"@type":"SearchAction","target":{"@type":"EntryPoint","urlTemplate":"https:\/\/thediplomatcollection.com\/sv\/?s={search_term_string}"},"query-input":{"@type":"PropertyValueSpecification","valueRequired":true,"valueName":"search_term_string"}}],"inLanguage":"sv-SE"},{"@type":"Organization","@id":"https:\/\/thediplomatcollection.com\/sv\/#organization","name":"Diplomat Collection","url":"https:\/\/thediplomatcollection.com\/sv\/","logo":{"@type":"ImageObject","inLanguage":"sv-SE","@id":"https:\/\/thediplomatcollection.com\/sv\/#\/schema\/logo\/image\/","url":"https:\/\/thediplomatcollection.com\/wp-content\/uploads\/2024\/04\/logo-dc-black.png","contentUrl":"https:\/\/thediplomatcollection.com\/wp-content\/uploads\/2024\/04\/logo-dc-black.png","width":1024,"height":441,"caption":"Diplomat Collection"},"image":{"@id":"https:\/\/thediplomatcollection.com\/sv\/#\/schema\/logo\/image\/"}}]}},"_links":{"self":[{"href":"https:\/\/thediplomatcollection.com\/sv\/wp-json\/wp\/v2\/pages\/25834","targetHints":{"allow":["GET"]}}],"collection":[{"href":"https:\/\/thediplomatcollection.com\/sv\/wp-json\/wp\/v2\/pages"}],"about":[{"href":"https:\/\/thediplomatcollection.com\/sv\/wp-json\/wp\/v2\/types\/page"}],"author":[{"embeddable":true,"href":"https:\/\/thediplomatcollection.com\/sv\/wp-json\/wp\/v2\/users\/3"}],"replies":[{"embeddable":true,"href":"https:\/\/thediplomatcollection.com\/sv\/wp-json\/wp\/v2\/comments?post=25834"}],"version-history":[{"count":0,"href":"https:\/\/thediplomatcollection.com\/sv\/wp-json\/wp\/v2\/pages\/25834\/revisions"}],"wp:attachment":[{"href":"https:\/\/thediplomatcollection.com\/sv\/wp-json\/wp\/v2\/media?parent=25834"}],"curies":[{"name":"wp","href":"https:\/\/api.w.org\/{rel}","templated":true}]}}