{"id":26065,"date":"2024-10-11T11:07:19","date_gmt":"2024-10-11T11:07:19","guid":{"rendered":"https:\/\/thediplomatcollection.com\/?page_id=26065"},"modified":"2025-10-09T08:52:52","modified_gmt":"2025-10-09T08:52:52","slug":"nyheter","status":"publish","type":"page","link":"https:\/\/thediplomatcollection.com\/sv\/nyheter\/","title":{"rendered":"Nyheter"},"content":{"rendered":"<p>[et_pb_section fb_built=&#8221;1&#8243; fullwidth=&#8221;on&#8221; _builder_version=&#8221;4.24.2&#8243; _module_preset=&#8221;default&#8221; custom_margin=&#8221;||||false|false&#8221; custom_margin_tablet=&#8221;-300px||||false|false&#8221; custom_margin_phone=&#8221;-300px||||false|false&#8221; custom_margin_last_edited=&#8221;off|desktop&#8221; da_disable_devices=&#8221;off|off|off&#8221; global_colors_info=&#8221;{}&#8221; da_is_popup=&#8221;off&#8221; da_exit_intent=&#8221;off&#8221; da_has_close=&#8221;on&#8221; da_alt_close=&#8221;off&#8221; da_dark_close=&#8221;off&#8221; da_not_modal=&#8221;on&#8221; da_is_singular=&#8221;off&#8221; da_with_loader=&#8221;off&#8221; da_has_shadow=&#8221;on&#8221;][et_pb_fullwidth_header title=&#8221;Nyheter fr\u00e5n Diplomat Collection&#8221; subhead=&#8221;NYHETER&#8221; text_orientation=&#8221;center&#8221; header_fullscreen=&#8221;on&#8221; header_scroll_down=&#8221;on&#8221; scroll_down_icon=&#8221;%%1%%&#8221; scroll_down_icon_color=&#8221;#00ab84&#8243; button_one_url=&#8221;#&#8221; module_class=&#8221;collection-hero&#8221; _builder_version=&#8221;4.24.3&#8243; _module_preset=&#8221;default&#8221; title_font=&#8221;||on||||||&#8221; subhead_font=&#8221;|||on|||||&#8221; subhead_font_size=&#8221;55px&#8221; subhead_letter_spacing=&#8221;6px&#8221; background_enable_color=&#8221;off&#8221; background_enable_image=&#8221;off&#8221; background_position=&#8221;top_center&#8221; background_vertical_offset=&#8221;28%&#8221; background_video_mp4=&#8221;https:\/\/thediplomatcollection.com\/wp-content\/uploads\/2024\/10\/DIPLOMAT_LEV_INCLIP_264_4K00000404.mov&#8221; custom_button_one=&#8221;on&#8221; button_one_text_size=&#8221;20px&#8221; button_one_border_width=&#8221;2px&#8221; button_one_font=&#8221;||||||||&#8221; button_one_use_icon=&#8221;off&#8221; min_height=&#8221;553px&#8221; custom_margin=&#8221;-30px|||||&#8221; custom_padding=&#8221;0px|||||&#8221; subhead_line_height_tablet=&#8221;1.1em&#8221; subhead_line_height_phone=&#8221;1.1em&#8221; subhead_line_height_last_edited=&#8221;on|phone&#8221; global_colors_info=&#8221;{}&#8221;][\/et_pb_fullwidth_header][\/et_pb_section][et_pb_section fb_built=&#8221;1&#8243; _builder_version=&#8221;4.24.3&#8243; _module_preset=&#8221;default&#8221; background_color=&#8221;#001812&#8243; da_disable_devices=&#8221;off|off|off&#8221; global_colors_info=&#8221;{}&#8221; da_is_popup=&#8221;off&#8221; da_exit_intent=&#8221;off&#8221; da_has_close=&#8221;on&#8221; da_alt_close=&#8221;off&#8221; da_dark_close=&#8221;off&#8221; da_not_modal=&#8221;on&#8221; da_is_singular=&#8221;off&#8221; da_with_loader=&#8221;off&#8221; da_has_shadow=&#8221;on&#8221;][et_pb_row _builder_version=&#8221;4.24.3&#8243; _module_preset=&#8221;default&#8221; global_colors_info=&#8221;{}&#8221;][et_pb_column type=&#8221;4_4&#8243; _builder_version=&#8221;4.24.3&#8243; _module_preset=&#8221;default&#8221; global_colors_info=&#8221;{}&#8221;][et_pb_text _builder_version=&#8221;4.24.3&#8243; _module_preset=&#8221;default&#8221; text_font_size=&#8221;22px&#8221; text_letter_spacing=&#8221;6px&#8221; text_line_height=&#8221;1.5em&#8221; global_colors_info=&#8221;{}&#8221;]<\/p>\n<h1 style=\"text-align: center;\"><span style=\"color: #ffffff;\">NYHETER\u00a0<\/span><\/h1>\n<p>[\/et_pb_text][et_pb_image src=&#8221;https:\/\/thediplomatcollection.com\/wp-content\/uploads\/2025\/10\/RULE-33.png&#8221; title_text=&#8221;RULE (33)&#8221; _builder_version=&#8221;4.24.3&#8243; _module_preset=&#8221;default&#8221; hover_enabled=&#8221;0&#8243; global_colors_info=&#8221;{}&#8221; sticky_enabled=&#8221;0&#8243;][\/et_pb_image][et_pb_text _builder_version=&#8221;4.24.3&#8243; _module_preset=&#8221;default&#8221; text_font_size=&#8221;22px&#8221; text_line_height=&#8221;1.5em&#8221; custom_padding=&#8221;|160px||160px||&#8221; hover_enabled=&#8221;0&#8243; global_colors_info=&#8221;{}&#8221; sticky_enabled=&#8221;0&#8243;]<\/p>\n<h2 style=\"text-align: center;\"><span style=\"color: #ffffff;\"><\/span><\/h2>\n<p style=\"text-align: center;\"><span style=\"font-size: 26px;\">HOTEL DIPLOMAT OCH VILLA DAGMAR UTSEDDA TILL B\u00c4STA HOTELL &#8211; AV COND\u00c9 NAST TRAVELERS L\u00c4SARE<\/span><\/p>\n<p style=\"text-align: center;\"><em>Pressmeddelande Stockholm, 7 oktober 2025<\/em><\/p>\n<p style=\"text-align: center;\">Idag tillk\u00e4nnager Cond\u00e9 Nast Traveler resultaten av sin prestigefyllda \u00e5rliga Readers\u2019 Choice Awards, d\u00e4r resen\u00e4rer fr\u00e5n hela v\u00e4rlden r\u00f6star fram sina favoritdestinationer och hotell. I \u00e5rets omr\u00f6stning har Diplomat Collections hotell, Hotel Diplomat och Villa Dagmar, utsetts till b\u00e4sta hotell i kategorin Rest of Europe.<\/p>\n<p style=\"text-align: center;\"><a href=\"https:\/\/thediplomatcollection.com\/wp-content\/uploads\/2025\/10\/PRM_CondeNastTraveler_ReadersChoiceAwards2025_7okt_-1.pdf\" target=\"_blank\" rel=\"noopener\">L\u00c4S PRESSMEDDELANDET H\u00c4R<\/a><\/p>\n<p>[\/et_pb_text][\/et_pb_column][\/et_pb_row][et_pb_row _builder_version=&#8221;4.24.3&#8243; _module_preset=&#8221;default&#8221; global_colors_info=&#8221;{}&#8221;][et_pb_column type=&#8221;4_4&#8243; _builder_version=&#8221;4.24.3&#8243; _module_preset=&#8221;default&#8221; global_colors_info=&#8221;{}&#8221;][et_pb_image src=&#8221;https:\/\/thediplomatcollection.com\/wp-content\/uploads\/2025\/06\/outdoor_20240822_villa_dahlia_hlvm_12554.jpg&#8221; title_text=&#8221;outdoor_20240822_villa_dahlia_hlvm_12554&#8243; _builder_version=&#8221;4.24.3&#8243; _module_preset=&#8221;default&#8221; global_colors_info=&#8221;{}&#8221;][\/et_pb_image][et_pb_text _builder_version=&#8221;4.24.3&#8243; _module_preset=&#8221;default&#8221; text_font_size=&#8221;22px&#8221; text_line_height=&#8221;1.5em&#8221; custom_padding=&#8221;|160px||160px||&#8221; global_colors_info=&#8221;{}&#8221;]<\/p>\n<h2 style=\"text-align: center;\"><span style=\"color: #ffffff;\"><\/span><\/h2>\n<p style=\"text-align: center;\"><span style=\"font-size: 26px;\">VILLA DAHLIA BLIR F\u00d6RSTA NORDISKA MEDLEM I BEYOND GREEN \u2013 EN MILSTOLPE F\u00d6R DIPLOMAT COLLECTION<\/span><\/p>\n<p style=\"text-align: center;\"><em>Pressmeddelande Stockholm, 17 juni 2025<\/em><\/p>\n<p style=\"text-align: center;\">Villa Dahlia, en del av Diplomat Collection, blir som Vasastans f\u00f6rsta boutiquehotell ocks\u00e5 den f\u00f6rsta nordiska medlemmen i Beyond Green \u2013 en global portf\u00f6lj av v\u00e4rldens mest h\u00e5llbara hotell, resorts och lodger.<\/p>\n<p style=\"text-align: center;\"><a href=\"https:\/\/thediplomatcollection.com\/wp-content\/uploads\/2025\/06\/Villa-Dahlia-blir-forsta-nordiska-medlem-i-Beyond-Green_17juni2025.pdf\" target=\"_blank\" rel=\"noopener\">L\u00c4S PRESSMEDDELANDET H\u00c4R<\/a><\/p>\n<p>[\/et_pb_text][\/et_pb_column][\/et_pb_row][et_pb_row _builder_version=&#8221;4.24.3&#8243; _module_preset=&#8221;default&#8221; global_colors_info=&#8221;{}&#8221;][et_pb_column type=&#8221;4_4&#8243; _builder_version=&#8221;4.24.3&#8243; _module_preset=&#8221;default&#8221; global_colors_info=&#8221;{}&#8221;][et_pb_image src=&#8221;https:\/\/thediplomatcollection.com\/wp-content\/uploads\/2025\/02\/Fascade-Hotel-Diplomat.jpg&#8221; title_text=&#8221;Fascade Hotel Diplomat&#8221; _builder_version=&#8221;4.24.3&#8243; _module_preset=&#8221;default&#8221; global_colors_info=&#8221;{}&#8221;][\/et_pb_image][et_pb_text _builder_version=&#8221;4.24.3&#8243; _module_preset=&#8221;default&#8221; text_font_size=&#8221;22px&#8221; text_line_height=&#8221;1.5em&#8221; custom_padding=&#8221;|160px||160px||&#8221; global_colors_info=&#8221;{}&#8221;]<\/p>\n<h2 style=\"text-align: center;\"><span style=\"color: #ffffff;\"><\/span><\/h2>\n<p style=\"text-align: center;\"><span style=\"font-size: 26px;\">DIPLOMAT COLLECTION ST\u00c4RKER SITT KOMMERSIELLA TEAM INF\u00d6R 2025<\/span><\/p>\n<p style=\"text-align: center;\"><em>Pressmeddelande Stockholm, 10 februari 2025<\/em><\/p>\n<p style=\"text-align: center;\">Diplomat Collection, en av Sveriges mest prestigefyllda hotellgrupper, intensifierar sin globala tillv\u00e4xtstrategi inf\u00f6r 2025. F\u00f6r att m\u00f6ta den \u00f6kande internationella efterfr\u00e5gan och st\u00e4rka sin marknadsposition, f\u00f6rst\u00e4rks det kommersiella teamet med tre externa nyckelrekryteringar med Director of Sales, Sales Manager och Revenue Manager samt en intern rekrytering f\u00f6r tj\u00e4nsten som Director of Communication and Brand.<\/p>\n<p style=\"text-align: center;\"><a href=\"https:\/\/thediplomatcollection.com\/wp-content\/uploads\/2025\/02\/PRM_Diplomat-Collection_starker-sitt-kommersiella-team_10_februari_20251.pdf\" target=\"_blank\" rel=\"noopener\">L\u00c4S PRESSMEDDELANDET H\u00c4R<\/a><\/p>\n<p>[\/et_pb_text][\/et_pb_column][\/et_pb_row][et_pb_row _builder_version=&#8221;4.24.3&#8243; _module_preset=&#8221;default&#8221; global_colors_info=&#8221;{}&#8221;][et_pb_column type=&#8221;4_4&#8243; _builder_version=&#8221;4.24.3&#8243; _module_preset=&#8221;default&#8221; global_colors_info=&#8221;{}&#8221;][et_pb_text _builder_version=&#8221;4.24.3&#8243; _module_preset=&#8221;default&#8221; text_font_size=&#8221;22px&#8221; text_letter_spacing=&#8221;6px&#8221; text_line_height=&#8221;1.5em&#8221; global_colors_info=&#8221;{}&#8221;]<\/p>\n<h1 style=\"text-align: center;\"><span style=\"color: #ffffff;\">NYHETER\u00a0<\/span><\/h1>\n<p>[\/et_pb_text][et_pb_image src=&#8221;https:\/\/thediplomatcollection.com\/wp-content\/uploads\/2024\/10\/Beskuren_DSF6063_fix.jpg&#8221; title_text=&#8221;Beskuren_DSF6063_fix&#8221; _builder_version=&#8221;4.24.3&#8243; _module_preset=&#8221;default&#8221; global_colors_info=&#8221;{}&#8221;][\/et_pb_image][et_pb_text _builder_version=&#8221;4.24.3&#8243; _module_preset=&#8221;default&#8221; text_font_size=&#8221;22px&#8221; text_line_height=&#8221;1.5em&#8221; custom_padding=&#8221;|160px||160px||&#8221; global_colors_info=&#8221;{}&#8221;]<\/p>\n<h2 style=\"text-align: center;\"><span style=\"color: #ffffff;\"><\/span><\/h2>\n<h2 style=\"text-align: center;\"><span style=\"color: #ffffff;\">LARS SANDBERG TILLTR\u00c4DER SOM NY VD F\u00d6R<br \/>HOTEL DIPLOMAT AB\u00a0<\/span><\/h2>\n<h2 style=\"text-align: center;\"><span style=\"color: #ffffff;\">\u2013 Ett steg mot att st\u00e4rka verksamheten f\u00f6r framtiden<\/span><\/h2>\n<p style=\"text-align: center;\"><em><\/em><\/p>\n<p style=\"text-align: center;\"><em>Pressmeddelande Stockholm, 10 oktober 2024<\/em><\/p>\n<p style=\"text-align: center;\">Lars Sandberg har utsetts till ny VD f\u00f6r Hotel Diplomat AB, med tilltr\u00e4de den 1 oktober 2024. Lars eftertr\u00e4der Charlotta Olsson, som har lett f\u00f6retaget sedan 2022.<\/p>\n<p style=\"text-align: center;\"><em>\u2013 Vi ser fram emot en framg\u00e5ngsrik framtid under Lars ledarskap och \u00e4r \u00f6vertygade om att hans erfarenhet kommer att bidra till att st\u00e4rka Hotel Diplomat AB:s position som en ledande akt\u00f6r inom hotellbranschen,<\/em> s\u00e4ger Anna Cappelen, del\u00e4gare Hotel Diplomat AB.<\/p>\n<p style=\"text-align: center;\"><a href=\"https:\/\/thediplomatcollection.com\/wp-content\/uploads\/2024\/10\/Pressmeddelande_Ny-VD_Hotel-Diplomat_10_10_oktober20241.pdf\" target=\"_blank\" rel=\"noopener\">L\u00c4S PRESSMEDDELANDET H\u00c4R<\/a><\/p>\n<p>[\/et_pb_text][\/et_pb_column][\/et_pb_row][\/et_pb_section]<\/p>\n","protected":false},"excerpt":{"rendered":"<p>NYHETER\u00a0 HOTEL DIPLOMAT OCH VILLA DAGMAR UTSEDDA TILL B\u00c4STA HOTELL &#8211; AV COND\u00c9 NAST TRAVELERS L\u00c4SARE Pressmeddelande Stockholm, 7 oktober 2025 Idag tillk\u00e4nnager Cond\u00e9 Nast Traveler resultaten av sin prestigefyllda \u00e5rliga Readers\u2019 Choice Awards, d\u00e4r resen\u00e4rer fr\u00e5n hela v\u00e4rlden r\u00f6star fram sina favoritdestinationer och hotell. I \u00e5rets omr\u00f6stning har Diplomat Collections hotell, Hotel Diplomat och [&hellip;]<\/p>\n","protected":false},"author":2,"featured_media":0,"parent":0,"menu_order":0,"comment_status":"closed","ping_status":"closed","template":"","meta":{"_et_pb_use_builder":"on","_et_pb_old_content":"","_et_gb_content_width":"","footnotes":""},"class_list":["post-26065","page","type-page","status-publish","hentry"],"yoast_head":"<!-- This site is optimized with the Yoast SEO plugin v24.5 - https:\/\/yoast.com\/wordpress\/plugins\/seo\/ -->\n<title>H\u00e5llbarhet och Sociala Initiativ | Villa Dahlia<\/title>\n<meta name=\"description\" content=\"Upplev Diplomat Collection: kvalitetsboende med milj\u00f6h\u00e4nsyn. ISO 14001-certifierade hotell, \u00e5tervinning och engagemang f\u00f6r h\u00e5llbarhet. Stolt del av Gustaf III Kommitt\u00e9.\" \/>\n<meta name=\"robots\" content=\"index, follow, max-snippet:-1, max-image-preview:large, max-video-preview:-1\" \/>\n<link rel=\"canonical\" href=\"https:\/\/thediplomatcollection.com\/sv\/nyheter\/\" \/>\n<meta property=\"og:locale\" content=\"sv_SE\" \/>\n<meta property=\"og:type\" content=\"article\" \/>\n<meta property=\"og:title\" content=\"H\u00e5llbarhet och Sociala Initiativ | Villa Dahlia\" \/>\n<meta property=\"og:description\" content=\"Upplev Diplomat Collection: kvalitetsboende med milj\u00f6h\u00e4nsyn. ISO 14001-certifierade hotell, \u00e5tervinning och engagemang f\u00f6r h\u00e5llbarhet. Stolt del av Gustaf III Kommitt\u00e9.\" \/>\n<meta property=\"og:url\" content=\"https:\/\/thediplomatcollection.com\/sv\/nyheter\/\" \/>\n<meta property=\"og:site_name\" content=\"Diplomat Collection\" \/>\n<meta property=\"article:modified_time\" content=\"2025-10-09T08:52:52+00:00\" \/>\n<meta name=\"twitter:card\" content=\"summary_large_image\" \/>\n<meta name=\"twitter:label1\" content=\"Ber\u00e4knad l\u00e4stid\" \/>\n\t<meta name=\"twitter:data1\" content=\"1 minut\" \/>\n<script type=\"application\/ld+json\" class=\"yoast-schema-graph\">{\"@context\":\"https:\/\/schema.org\",\"@graph\":[{\"@type\":\"WebPage\",\"@id\":\"https:\/\/thediplomatcollection.com\/sv\/nyheter\/\",\"url\":\"https:\/\/thediplomatcollection.com\/sv\/nyheter\/\",\"name\":\"H\u00e5llbarhet och Sociala Initiativ | Villa Dahlia\",\"isPartOf\":{\"@id\":\"https:\/\/thediplomatcollection.com\/sv\/#website\"},\"datePublished\":\"2024-10-11T11:07:19+00:00\",\"dateModified\":\"2025-10-09T08:52:52+00:00\",\"description\":\"Upplev Diplomat Collection: kvalitetsboende med milj\u00f6h\u00e4nsyn. ISO 14001-certifierade hotell, \u00e5tervinning och engagemang f\u00f6r h\u00e5llbarhet. Stolt del av Gustaf III Kommitt\u00e9.\",\"breadcrumb\":{\"@id\":\"https:\/\/thediplomatcollection.com\/sv\/nyheter\/#breadcrumb\"},\"inLanguage\":\"sv-SE\",\"potentialAction\":[{\"@type\":\"ReadAction\",\"target\":[\"https:\/\/thediplomatcollection.com\/sv\/nyheter\/\"]}]},{\"@type\":\"BreadcrumbList\",\"@id\":\"https:\/\/thediplomatcollection.com\/sv\/nyheter\/#breadcrumb\",\"itemListElement\":[{\"@type\":\"ListItem\",\"position\":1,\"name\":\"Home\",\"item\":\"https:\/\/thediplomatcollection.com\/sv\/\"},{\"@type\":\"ListItem\",\"position\":2,\"name\":\"Nyheter\"}]},{\"@type\":\"WebSite\",\"@id\":\"https:\/\/thediplomatcollection.com\/sv\/#website\",\"url\":\"https:\/\/thediplomatcollection.com\/sv\/\",\"name\":\"Diplomat Collection\",\"description\":\"\",\"publisher\":{\"@id\":\"https:\/\/thediplomatcollection.com\/sv\/#organization\"},\"potentialAction\":[{\"@type\":\"SearchAction\",\"target\":{\"@type\":\"EntryPoint\",\"urlTemplate\":\"https:\/\/thediplomatcollection.com\/sv\/?s={search_term_string}\"},\"query-input\":{\"@type\":\"PropertyValueSpecification\",\"valueRequired\":true,\"valueName\":\"search_term_string\"}}],\"inLanguage\":\"sv-SE\"},{\"@type\":\"Organization\",\"@id\":\"https:\/\/thediplomatcollection.com\/sv\/#organization\",\"name\":\"Diplomat Collection\",\"url\":\"https:\/\/thediplomatcollection.com\/sv\/\",\"logo\":{\"@type\":\"ImageObject\",\"inLanguage\":\"sv-SE\",\"@id\":\"https:\/\/thediplomatcollection.com\/sv\/#\/schema\/logo\/image\/\",\"url\":\"https:\/\/thediplomatcollection.com\/wp-content\/uploads\/2024\/04\/logo-dc-black.png\",\"contentUrl\":\"https:\/\/thediplomatcollection.com\/wp-content\/uploads\/2024\/04\/logo-dc-black.png\",\"width\":1024,\"height\":441,\"caption\":\"Diplomat Collection\"},\"image\":{\"@id\":\"https:\/\/thediplomatcollection.com\/sv\/#\/schema\/logo\/image\/\"}}]}<\/script>\n<!-- \/ Yoast SEO plugin. -->","yoast_head_json":{"title":"H\u00e5llbarhet och Sociala Initiativ | Villa Dahlia","description":"Upplev Diplomat Collection: kvalitetsboende med milj\u00f6h\u00e4nsyn. ISO 14001-certifierade hotell, \u00e5tervinning och engagemang f\u00f6r h\u00e5llbarhet. Stolt del av Gustaf III Kommitt\u00e9.","robots":{"index":"index","follow":"follow","max-snippet":"max-snippet:-1","max-image-preview":"max-image-preview:large","max-video-preview":"max-video-preview:-1"},"canonical":"https:\/\/thediplomatcollection.com\/sv\/nyheter\/","og_locale":"sv_SE","og_type":"article","og_title":"H\u00e5llbarhet och Sociala Initiativ | Villa Dahlia","og_description":"Upplev Diplomat Collection: kvalitetsboende med milj\u00f6h\u00e4nsyn. ISO 14001-certifierade hotell, \u00e5tervinning och engagemang f\u00f6r h\u00e5llbarhet. Stolt del av Gustaf III Kommitt\u00e9.","og_url":"https:\/\/thediplomatcollection.com\/sv\/nyheter\/","og_site_name":"Diplomat Collection","article_modified_time":"2025-10-09T08:52:52+00:00","twitter_card":"summary_large_image","twitter_misc":{"Ber\u00e4knad l\u00e4stid":"1 minut"},"schema":{"@context":"https:\/\/schema.org","@graph":[{"@type":"WebPage","@id":"https:\/\/thediplomatcollection.com\/sv\/nyheter\/","url":"https:\/\/thediplomatcollection.com\/sv\/nyheter\/","name":"H\u00e5llbarhet och Sociala Initiativ | Villa Dahlia","isPartOf":{"@id":"https:\/\/thediplomatcollection.com\/sv\/#website"},"datePublished":"2024-10-11T11:07:19+00:00","dateModified":"2025-10-09T08:52:52+00:00","description":"Upplev Diplomat Collection: kvalitetsboende med milj\u00f6h\u00e4nsyn. ISO 14001-certifierade hotell, \u00e5tervinning och engagemang f\u00f6r h\u00e5llbarhet. Stolt del av Gustaf III Kommitt\u00e9.","breadcrumb":{"@id":"https:\/\/thediplomatcollection.com\/sv\/nyheter\/#breadcrumb"},"inLanguage":"sv-SE","potentialAction":[{"@type":"ReadAction","target":["https:\/\/thediplomatcollection.com\/sv\/nyheter\/"]}]},{"@type":"BreadcrumbList","@id":"https:\/\/thediplomatcollection.com\/sv\/nyheter\/#breadcrumb","itemListElement":[{"@type":"ListItem","position":1,"name":"Home","item":"https:\/\/thediplomatcollection.com\/sv\/"},{"@type":"ListItem","position":2,"name":"Nyheter"}]},{"@type":"WebSite","@id":"https:\/\/thediplomatcollection.com\/sv\/#website","url":"https:\/\/thediplomatcollection.com\/sv\/","name":"Diplomat Collection","description":"","publisher":{"@id":"https:\/\/thediplomatcollection.com\/sv\/#organization"},"potentialAction":[{"@type":"SearchAction","target":{"@type":"EntryPoint","urlTemplate":"https:\/\/thediplomatcollection.com\/sv\/?s={search_term_string}"},"query-input":{"@type":"PropertyValueSpecification","valueRequired":true,"valueName":"search_term_string"}}],"inLanguage":"sv-SE"},{"@type":"Organization","@id":"https:\/\/thediplomatcollection.com\/sv\/#organization","name":"Diplomat Collection","url":"https:\/\/thediplomatcollection.com\/sv\/","logo":{"@type":"ImageObject","inLanguage":"sv-SE","@id":"https:\/\/thediplomatcollection.com\/sv\/#\/schema\/logo\/image\/","url":"https:\/\/thediplomatcollection.com\/wp-content\/uploads\/2024\/04\/logo-dc-black.png","contentUrl":"https:\/\/thediplomatcollection.com\/wp-content\/uploads\/2024\/04\/logo-dc-black.png","width":1024,"height":441,"caption":"Diplomat Collection"},"image":{"@id":"https:\/\/thediplomatcollection.com\/sv\/#\/schema\/logo\/image\/"}}]}},"_links":{"self":[{"href":"https:\/\/thediplomatcollection.com\/sv\/wp-json\/wp\/v2\/pages\/26065","targetHints":{"allow":["GET"]}}],"collection":[{"href":"https:\/\/thediplomatcollection.com\/sv\/wp-json\/wp\/v2\/pages"}],"about":[{"href":"https:\/\/thediplomatcollection.com\/sv\/wp-json\/wp\/v2\/types\/page"}],"author":[{"embeddable":true,"href":"https:\/\/thediplomatcollection.com\/sv\/wp-json\/wp\/v2\/users\/2"}],"replies":[{"embeddable":true,"href":"https:\/\/thediplomatcollection.com\/sv\/wp-json\/wp\/v2\/comments?post=26065"}],"version-history":[{"count":0,"href":"https:\/\/thediplomatcollection.com\/sv\/wp-json\/wp\/v2\/pages\/26065\/revisions"}],"wp:attachment":[{"href":"https:\/\/thediplomatcollection.com\/sv\/wp-json\/wp\/v2\/media?parent=26065"}],"curies":[{"name":"wp","href":"https:\/\/api.w.org\/{rel}","templated":true}]}}